{"id":11341,"date":"2017-11-09T15:55:02","date_gmt":"2017-11-09T15:55:02","guid":{"rendered":"https:\/\/www.fjallabak.is\/?page_id=11341"},"modified":"2019-09-30T19:40:54","modified_gmt":"2019-09-30T19:40:54","slug":"voyages-photos","status":"publish","type":"page","link":"https:\/\/www.fjallabak.is\/fr\/decouvertes-itinerantes\/voyages-photos\/","title":{"rendered":"Voyages photos"},"content":{"rendered":"<p>Nous vous proposons une vari\u00e9t\u00e9 de voyages photo en Islande<\/p>\n<ol>\n<li>Soit conduit par un chauffeur-guide de notre \u00e9quipe et un photographe professionnel qui vous conseillera sur l&rsquo;aspect technique et artistique de la photographie<\/li>\n<li>Soit, avec un guide-chauffeur francophone, lui m\u00eame tr\u00e8s bon photographe mais ni technicien ni professeur, mais connaissant les pistes les plus recul\u00e9s du pays et ses secrets les mieux gard\u00e9s. Si vous \u00eates d\u00e9j\u00e0 un photographe confirm\u00e9 techniquement et que votre but est avant tout la recherche de lumi\u00e8res rares et de paysages extraordinaires, alors ce genre d&rsquo;aventure est pour vous.<\/li>\n<\/ol>\n<ul>\n<li>En hiver nous chassons les aurores bor\u00e9ales, les paysage enneig\u00e9s immacul\u00e9s, ou le blizzard sur la glace.<\/li>\n<li>Au printemps nous voyageons dans les fjords, \u00a0sur les falaise ou les marais et \u00ab\u00a0chassons\u00a0\u00bb la faune ail\u00e9e avec nos t\u00e9l\u00e9-objectifs.<\/li>\n<li>En fin d&rsquo;\u00e9t\u00e9, d\u00e9but d&rsquo;automne, dans les lumi\u00e8res rasantes de fin d&rsquo;\u00e9t\u00e9 nous allons nous \u00e9garer au c\u0153ur des Hautes-Terres volcaniques o\u00f9 se trouvent des paysages parmi les plus incroyables de la plan\u00e8te.<\/li>\n<\/ul>\n<div><\/div>\n<div><span style=\"font-size: 13px;\">Nous avons travaill\u00e9 de nombreuses ann\u00e9es comme r\u00e9ceptif islandais pour nos partenaires d\u2019Aguila, une agence de voyage fran\u00e7aise sp\u00e9cialis\u00e9e dans les voyages photos \u00e0 travers le monde.\u00a0<\/span><\/div>\n<div>\n<p>Les fondateurs ont d\u00e9cid\u00e9 de fermer boutique \u00e0 la fin de l\u2019ann\u00e9e 2017, au grand dam de leurs fid\u00e8les clients, de leur \u00e9quipe de photographes et de nous m\u00eames<br \/>\nPlagi\u00e9s et re-copi\u00e9s par les grands tours op\u00e9rateurs sans scrupule ou doubl\u00e9s par quelques photographes free-lances et bricoleurs travaillant en toute ill\u00e9galit\u00e9, ils ont finit par jeter l\u2019\u00e9ponge.<br \/>\nDu coup, avec certains de leurs anciens photographes, \u00a0nous avons repris \u00e0 notre compte ces magnifiques voyages photos.<\/p>\n<p><strong>D&rsquo;autres d\u00e9parts auront lieux en 2020.<\/strong> Ils seront \u00e9dit\u00e9s dans le courant du mois d&rsquo;octobre novembre 2019: Un voyage \u00e0 la fin de l&rsquo;hiver<strong> pour les chasseurs d&rsquo;aurores bor\u00e9ales<\/strong>, un d\u00e9part <strong>au c\u0153ur des hautes terres<\/strong> au mois d&rsquo;ao\u00fbt et un voyage \u00e0 la mi-septembre dans la lumi\u00e8re et <strong>les couleurs flamboyantes de l&rsquo;automne.\u00a0<\/strong><\/p>\n<\/div>\n","protected":false},"excerpt":{"rendered":"<p>Nous vous proposons une vari\u00e9t\u00e9 de voyages photo en Islande Soit conduit par un chauffeur-guide de notre \u00e9quipe et un photographe professionnel qui vous conseillera sur l&rsquo;aspect technique et artistique de la photographie Soit, avec un guide-chauffeur francophone, lui m\u00eame&#8230;<br \/><a class=\"read-more-button\" href=\"https:\/\/www.fjallabak.is\/fr\/decouvertes-itinerantes\/voyages-photos\/\">Savoir plus<\/a><\/p>\n","protected":false},"author":1,"featured_media":0,"parent":7936,"menu_order":0,"comment_status":"closed","ping_status":"closed","template":"","meta":{"footnotes":""},"class_list":["post-11341","page","type-page","status-publish","hentry","odd"],"_links":{"self":[{"href":"https:\/\/www.fjallabak.is\/fr\/wp-json\/wp\/v2\/pages\/11341","targetHints":{"allow":["GET"]}}],"collection":[{"href":"https:\/\/www.fjallabak.is\/fr\/wp-json\/wp\/v2\/pages"}],"about":[{"href":"https:\/\/www.fjallabak.is\/fr\/wp-json\/wp\/v2\/types\/page"}],"author":[{"embeddable":true,"href":"https:\/\/www.fjallabak.is\/fr\/wp-json\/wp\/v2\/users\/1"}],"replies":[{"embeddable":true,"href":"https:\/\/www.fjallabak.is\/fr\/wp-json\/wp\/v2\/comments?post=11341"}],"version-history":[{"count":3,"href":"https:\/\/www.fjallabak.is\/fr\/wp-json\/wp\/v2\/pages\/11341\/revisions"}],"predecessor-version":[{"id":21571,"href":"https:\/\/www.fjallabak.is\/fr\/wp-json\/wp\/v2\/pages\/11341\/revisions\/21571"}],"up":[{"embeddable":true,"href":"https:\/\/www.fjallabak.is\/fr\/wp-json\/wp\/v2\/pages\/7936"}],"wp:attachment":[{"href":"https:\/\/www.fjallabak.is\/fr\/wp-json\/wp\/v2\/media?parent=11341"}],"curies":[{"name":"wp","href":"https:\/\/api.w.org\/{rel}","templated":true}]}}