{"id":11343,"date":"2017-11-09T15:56:03","date_gmt":"2017-11-09T15:56:03","guid":{"rendered":"https:\/\/www.fjallabak.is\/?page_id=11343"},"modified":"2022-03-30T13:48:15","modified_gmt":"2022-03-30T13:48:15","slug":"voyages-ornitho","status":"publish","type":"page","link":"https:\/\/www.fjallabak.is\/fr\/decouvertes-itinerantes\/voyages-ornitho\/","title":{"rendered":"Voyages oiseaux"},"content":{"rendered":"<p>Situ\u00e9e par 66\u00b0Nord, aux confins de l\u2019Atlantique et de l\u2019Oc\u00e9an Glacial, \u00e0 mi-chemin entre l\u2019Europe et l\u2019Am\u00e9rique, \u00e0 la crois\u00e9e des grandes voies migratoires est-ouest et nord-sud, l\u2019Islande est sans conteste le paradis de la faune ail\u00e9e. Des esp\u00e8ces des deux continents ainsi que des esp\u00e8ces arctiques cohabitent. Certaines falaises connaissent une v\u00e9ritable crise du logement, tandis que landes et prairies sont envahies par d\u2019innombrables limicoles.<\/p>\n<p><a href=\"https:\/\/fjallabak.is\/wp-content\/uploads\/2015\/10\/Liste-des-oiseaux-Islandais.pdf\" rel=\"nofollow noopener\" target=\"_blank\">Liste des oiseaux Islandais<\/a><\/p>\n<p>Si vous \u00eates un observateur d&rsquo;oiseaux ou\/et photographe animalier, Fjallabak peut vous assister pour un auto-tour, vous indiquer quels sont les spots les plus interressants, les p\u00e9riodes id\u00e9ales.<\/p>\n<p>Sachez aussi que certains de nos trekking dont le th\u00e8me n&rsquo;est pas l&rsquo;observation des oiseaux traversent des r\u00e9gions qui en sont plein<\/p>\n<p>Cette ann\u00e9e<strong> Philippe Patay<\/strong> lui m\u00eame, fondateur de Fjallabak, conduira en juin un grand voyage oiseaux d&rsquo;une dizaine de jours dans la lointaine P\u00e9ninsule du Nord-Ouest,. Les oiseaux qui actuellement arrivent en Islande par milliers aurons une grande p\u00e9riode de tranquilit\u00e9 cette ann\u00e9e pour leur p\u00e9riode nuptiale et pour la nidification. De cela nous pouvons nous r\u00e9jouir m\u00eame si cela est pour nous tous tr\u00e8s frustrant.<br \/>\nMais nous pensons \u00e0 l&rsquo;ann\u00e9e prochaine 2023 et d\u00e9j\u00e0 nous envisageons 3 ou 4 d\u00e9parts :<\/p>\n<ul>\n<li>\u00c0 la mi-avril 2023 pour l&rsquo;arriv\u00e9e spectaculaire des grands anatid\u00e9s qui se posent par milliers sur les prairies : Cygnes chanteurs, oies cendr\u00e9es, oies \u00e0 bec court, bernaches nonnettes et bernaches cravant.<\/li>\n<li>Un autre d\u00e9part en mai 2023 pour aller voir les colonies d&rsquo;eiders \u00e0 duvet dans le nord-ouest et d&rsquo;innombrables canards au sanctuaire de Myvatn entre autre&#8230;\u00e0\u00a0une p\u00e9riode o\u00f9 les m\u00e2les sont encore en plumage nuptial<\/li>\n<li>Un voyage en juin 2023 r\u00e9capitulatif de celui de 2020 dans les fjords du Nord-Ouest<\/li>\n<li>Et un voyage fin juillet qui nous conduira sur les colonies d&rsquo;oiseaux de mer pendant la p\u00e9riode de nourrissage.<\/li>\n<\/ul>\n","protected":false},"excerpt":{"rendered":"<p>Situ\u00e9e par 66\u00b0Nord, aux confins de l\u2019Atlantique et de l\u2019Oc\u00e9an Glacial, \u00e0 mi-chemin entre l\u2019Europe et l\u2019Am\u00e9rique, \u00e0 la crois\u00e9e des grandes voies migratoires est-ouest et nord-sud, l\u2019Islande est sans conteste le paradis de la faune ail\u00e9e. Des esp\u00e8ces des&#8230;<br \/><a class=\"read-more-button\" href=\"https:\/\/www.fjallabak.is\/fr\/decouvertes-itinerantes\/voyages-ornitho\/\">Savoir plus<\/a><\/p>\n","protected":false},"author":1,"featured_media":0,"parent":7936,"menu_order":0,"comment_status":"closed","ping_status":"closed","template":"","meta":{"footnotes":""},"class_list":["post-11343","page","type-page","status-publish","hentry","odd"],"_links":{"self":[{"href":"https:\/\/www.fjallabak.is\/fr\/wp-json\/wp\/v2\/pages\/11343","targetHints":{"allow":["GET"]}}],"collection":[{"href":"https:\/\/www.fjallabak.is\/fr\/wp-json\/wp\/v2\/pages"}],"about":[{"href":"https:\/\/www.fjallabak.is\/fr\/wp-json\/wp\/v2\/types\/page"}],"author":[{"embeddable":true,"href":"https:\/\/www.fjallabak.is\/fr\/wp-json\/wp\/v2\/users\/1"}],"replies":[{"embeddable":true,"href":"https:\/\/www.fjallabak.is\/fr\/wp-json\/wp\/v2\/comments?post=11343"}],"version-history":[{"count":3,"href":"https:\/\/www.fjallabak.is\/fr\/wp-json\/wp\/v2\/pages\/11343\/revisions"}],"predecessor-version":[{"id":35971,"href":"https:\/\/www.fjallabak.is\/fr\/wp-json\/wp\/v2\/pages\/11343\/revisions\/35971"}],"up":[{"embeddable":true,"href":"https:\/\/www.fjallabak.is\/fr\/wp-json\/wp\/v2\/pages\/7936"}],"wp:attachment":[{"href":"https:\/\/www.fjallabak.is\/fr\/wp-json\/wp\/v2\/media?parent=11343"}],"curies":[{"name":"wp","href":"https:\/\/api.w.org\/{rel}","templated":true}]}}