{"id":2251,"date":"2015-10-13T07:33:24","date_gmt":"2015-10-13T06:33:24","guid":{"rendered":"http:\/\/www.fjallabak.is\/fr\/?page_id=2251"},"modified":"2019-11-20T13:42:01","modified_gmt":"2019-11-20T13:42:01","slug":"choisir-un-voyage","status":"publish","type":"page","link":"https:\/\/www.fjallabak.is\/fr\/choisir-un-voyage\/","title":{"rendered":"Choisir un voyage"},"content":{"rendered":"\n<h3 class=\"wp-block-heading\"><strong>Evolution du tourisme en Islande<\/strong><br><\/h3>\n\n\n\n<p><br><\/p>\n\n\n\n<p>L&rsquo;Islande est devenue une victime de son propre succ\u00e8s. Dans les basses terres habit\u00e9es \u00e0 sa p\u00e9riph\u00e9rie \u00ab\u00a0certains spots\u00a0incontournables\u00a0\u00bb sont devenus une v\u00e9ritable attraction touristique de masse comme le fameux et bien nomm\u00e9 Cercle d&rsquo;Or (Thingvellir, Geyser, Gullfoss). Sur la <strong>c\u00f4te sud en \u00e9t\u00e9<\/strong> et m\u00eame dans d&rsquo;autres saisons, vous pouvez avoir \u00e0 conduire loin de l&rsquo;Est de la capitale pour \u00e9chapper \u00e0 la foule XL et commencer \u00e0 sentir encore cet espace et la libert\u00e9 que vous recherchez et que vous promet la publicit\u00e9.<br>Apr\u00e8s la grave crise \u00e9conomique qui a frapp\u00e9 le pays il ya 10 ans, les Islandais, avec l&rsquo;optimisme qui les caract\u00e9rise, ont commenc\u00e9 \u00e0 capitaliser pleinement sur le tourisme et les services qui ont r\u00e9cemment augment\u00e9 partout dans le pays, pour le meilleur ou pour le pire. Ne vous laissez pas berner par la publicit\u00e9 en ligne, ses slogans simplistes et de belles images. R\u00e9fl\u00e9chissez \u00e0 deux fois avant de r\u00e9server un voyage ou d&rsquo;organiser celui-ci par vous m\u00eame.<\/p>\n\n\n\n<p><strong>HEUREUSEMENT<\/strong>\u00a0l&rsquo;int\u00e9rieur du pays et certains caps et p\u00e9ninsules \u00e9loign\u00e9es restent totalement\u00a0vide de monde. Le pays est en fait beaucoup plus grand qu&rsquo;on le pense de prime abord, et de fait est prot\u00e9g\u00e9 par sa taille, car rares sont les gens qui y voyagent plus de deux semaines.<\/p>\n\n\n\n<p><strong>MALHEUREUSEMENT<\/strong> quelques endroits particuliers de l&rsquo;int\u00e9rieur comme Landmannalaugar\u00a0sont dor\u00e9navant d\u00e9di\u00e9s \u00e0 un \u00e9trange tourisme de masse La pub, internet, les application de smartphone et autres outils du big business insidieusement canalisent l&rsquo;esprit gr\u00e9gaire des gens ici aussi . Le\u00a0magnifique chemin de randonn\u00e9e de Laugavegur qui court de Landmannalaugar\u00a0jusqu&rsquo;\u00e0\u00a0Thorsm\u00f6rk est compl\u00e8tement satur\u00e9. Les innombrables randonneurs qui y cheminent lourdement charg\u00e9s font penser \u00e0 une procession de fourmis allant de refuges satur\u00e9s en refuges bond\u00e9s.<\/p>\n\n\n\n<p><strong>MAIS HEUREUSEMENT ENCORE\u00a0<\/strong>On\u00a0s&rsquo;\u00e9loigne du sentier, et c&rsquo;est des milliers de km2 intactes de Wilderness qui s&rsquo;ouvrent \u00e0 l&rsquo;aventure v\u00e9ritable et aux quelques trekkings qu&rsquo;y conduit\u00a0Fjallabak \u00a0avec courage et humilit\u00e9\u00a0depuis pas loin\u00a0de quarante\u00a0ans<\/p>\n\n\n\n<p><br><\/p>\n\n\n\n<h3 class=\"wp-block-heading\"><strong>Partir en Islande ? Partir seul ? S&rsquo;inscrire sur un voyage ? Et avec qui partir ?<\/strong><\/h3>\n\n\n\n<p>Avant de partir l\u00e0 haut vers le Nord, il faut quand m\u00eame se demander dans quelle aventure on s&#8217;embarque ? Il faut \u00e9videmment se demander si tout \u00e7a correspond bien \u00e0 ce qu&rsquo;on recherche, si ce pays ou si ce voyage est compatible \u00e0 ses r\u00eaves, \u00e0 son esprit et \u00e0 sa forme physique, s&rsquo;il correspond \u00e0 son style et \u00e0 ses d\u00e9sirs<\/p>\n\n\n\n<p>Un voyage, c&rsquo;est avant tout un r\u00eave \u00e0 r\u00e9aliser, un d\u00e9sir de d\u00e9couverte \u00e0 assouvir, un nomade \u00e0 entretenir, des souvenirs et des visions \u00e0 engranger dans le c\u0153ur et l&rsquo;esprit.<\/p>\n\n\n\n<p>Avant de faire son choix et avant de s&rsquo;inscrire sur un voyage organis\u00e9, il faut se demander si humainement c&rsquo;est valable pour soi, car un voyage n&rsquo;est pas, et ne devrait pas \u00eatre, un produit manufactur\u00e9 de consommation. &nbsp;Ce n&rsquo;est pas non plus un spectacle de deux heures, ni un restaurant bien ou mal choisi. Comme c&rsquo;est pour la plupart un sacrifice p\u00e9cuniaire important qui prend toute ou une bonne part de vos chers cong\u00e9s et une ou deux semaines de votre vie, on ne peut pas se permettre de se tromper trop, ni surtout d&rsquo;\u00eatre tromp\u00e9.<\/p>\n\n\n\n<p>Si au retour, d\u00e9\u00e7u dans l&rsquo;ensemble, vous ne pouvez vous plaindre vraiment des services car tout a \u00e9t\u00e9 pens\u00e9 pour se prot\u00e9ger l\u00e9galement de votre d\u00e9ception, cela signifie que certainement vous vous \u00eates \u00e9gar\u00e9s sur un voyage qui n&rsquo;\u00e9tait pas fait pour vous et qu&rsquo;on vous y a aid\u00e9.&nbsp;C&rsquo;est une \u00e9vidence, bien s\u00fbr, mais il faut commencer par trouver son chemin sur les sites et dans les brochures des tours op\u00e9rateurs, car sur le \u00ab\u00a0march\u00e9 de l&rsquo;aventure\u00a0\u00bb on trouve de tout, rep\u00e9rer le copier-coller, faire le tri entre les clich\u00e9s qui sont propos\u00e9s et la r\u00e9alit\u00e9 qui se cache derri\u00e8re mais qui sera du voyage. En somme il faut discerner les qualit\u00e9s des d\u00e9fauts de l&rsquo;aventure qu&rsquo;on vous propose.&nbsp;\u00a9 texte fjallabak<\/p>\n\n\n\n<ul class=\"wp-block-list\"><li><strong>Voyager seul autour du pays&nbsp;<\/strong>est tout \u00e0 fait possible \u00e0 condition de n&rsquo;\u00eatre pas trop rigide sur le temps qui passe et le temps qu&rsquo;il fait. Vous trouverez sur internet les horaires et les prix des bus locaux, des ferries et des vols domestiques. Sinon si votre budget le permet vous pouvez partir au volant d&rsquo;une voiture de location et loger autour du pays . De nombreuses formules existent.<\/li><li><strong>Voyager seul dans l&rsquo;int\u00e9rieur<\/strong>&nbsp;r\u00e9clame du courage et de la r\u00e9sistance, un tr\u00e8s bon \u00e9quipement, des cartes pr\u00e9cises, un gps et une autonomie totale en vivres. (Si vous \u00eates sympa, vous pouvez noter que chaque ann\u00e9e il nous arrive d&rsquo;aider quelques explorateurs et exploratrices en d\u00e9posant pour eux les stocks de vivres qu&rsquo;ils nous confient)<\/li><li><strong>Participer \u00e0 un trek<\/strong>&nbsp;comme ceux de<strong>&nbsp;Fjallabak<\/strong>, vous enl\u00e8ve tous les soucis d&rsquo;organisation, de s\u00e9curit\u00e9, d&rsquo;horaire et d&rsquo;intendance et vous permet de vous d\u00e9placer confiant dans la temp\u00eate ou sous le soleil et de fraterniser avec vos compagnons de voyage en vous r\u00e9galant.<\/li><li><strong>Participer \u00e0 un trek ou \u00e0 un tou<\/strong><strong>r ?<\/strong>&nbsp;&nbsp;Si cette question vous tracasse, sachez que nous avons des voyag&nbsp;es mixes de deux semaines dont la premi\u00e8re partie est une&nbsp;<strong>d\u00e9couverte itin\u00e9rante<\/strong>&nbsp;suivie ensuite d&rsquo;un&nbsp;<strong>trek sans portage<\/strong>.<\/li><\/ul>\n","protected":false},"excerpt":{"rendered":"<p>Evolution du tourisme en Islande L&rsquo;Islande est devenue une victime de son propre succ\u00e8s. Dans les basses terres habit\u00e9es \u00e0 sa p\u00e9riph\u00e9rie \u00ab\u00a0certains spots\u00a0incontournables\u00a0\u00bb sont devenus une v\u00e9ritable attraction touristique de masse comme le fameux et bien nomm\u00e9 Cercle d&rsquo;Or&#8230;<br \/><a class=\"read-more-button\" href=\"https:\/\/www.fjallabak.is\/fr\/choisir-un-voyage\/\">Savoir plus<\/a><\/p>\n","protected":false},"author":1,"featured_media":0,"parent":0,"menu_order":0,"comment_status":"closed","ping_status":"closed","template":"","meta":{"footnotes":""},"class_list":["post-2251","page","type-page","status-publish","hentry","odd"],"_links":{"self":[{"href":"https:\/\/www.fjallabak.is\/fr\/wp-json\/wp\/v2\/pages\/2251","targetHints":{"allow":["GET"]}}],"collection":[{"href":"https:\/\/www.fjallabak.is\/fr\/wp-json\/wp\/v2\/pages"}],"about":[{"href":"https:\/\/www.fjallabak.is\/fr\/wp-json\/wp\/v2\/types\/page"}],"author":[{"embeddable":true,"href":"https:\/\/www.fjallabak.is\/fr\/wp-json\/wp\/v2\/users\/1"}],"replies":[{"embeddable":true,"href":"https:\/\/www.fjallabak.is\/fr\/wp-json\/wp\/v2\/comments?post=2251"}],"version-history":[{"count":3,"href":"https:\/\/www.fjallabak.is\/fr\/wp-json\/wp\/v2\/pages\/2251\/revisions"}],"predecessor-version":[{"id":24101,"href":"https:\/\/www.fjallabak.is\/fr\/wp-json\/wp\/v2\/pages\/2251\/revisions\/24101"}],"wp:attachment":[{"href":"https:\/\/www.fjallabak.is\/fr\/wp-json\/wp\/v2\/media?parent=2251"}],"curies":[{"name":"wp","href":"https:\/\/api.w.org\/{rel}","templated":true}]}}