{"id":2255,"date":"2015-10-13T07:36:19","date_gmt":"2015-10-13T06:36:19","guid":{"rendered":"http:\/\/www.fjallabak.is\/fr\/?page_id=2255"},"modified":"2022-04-03T15:45:50","modified_gmt":"2022-04-03T15:45:50","slug":"voler-vers-lislande","status":"publish","type":"page","link":"https:\/\/www.fjallabak.is\/fr\/voler-vers-lislande\/","title":{"rendered":"Voler vers l&rsquo;Islande"},"content":{"rendered":"<p>La compagnie<strong><a href=\"https:\/\/www.icelandair.com\/fr-fr\/\" rel=\"nofollow noopener\" target=\"_blank\">\u00a0ICELANDAIR<\/a><\/strong>\u00a0assure des\u00a0vols quotidiens r\u00e9guliers\u00a0entre Paris Charles de Gaulle (CDG) et Reykjavik (KEF), ou via de nombreuses villes europ\u00e9ennes, ainsi que des vols transatlantiques qui peuvent permetre une escale prolong\u00e9e en Islande si vous voyagez entre l&rsquo;Europe et les USA.<\/p>\n<p>L&rsquo;autre compagnie islandaise, bien meilleur march\u00e9 que la premi\u00e8re,<a href=\"https:\/\/www.flyplay.com\/\" rel=\"nofollow noopener\" target=\"_blank\"> <strong>PLAY<\/strong><\/a>, assure en \u00e9t\u00e9 plusieurs vols hebdomadaires r\u00e9guliers depuis Paris (CDG) et des vols quotidiens entre Londres (STN) et Reykjavik (KEF)<\/p>\n<p>Apparament \u00a0Icelandair et PLAY vont fusionner.<\/p>\n<p>Sans oublier pendant la saison estivale les prix d\u00e9fiant toute concurence de\u00a0<a title=\"EASYJET\" href=\"http:\/\/www.easyjet.com\/\" target=\"_blank\" rel=\"noopener nofollow\"><strong>EASYJET<\/strong><\/a>\u00a0et de\u00a0<a title=\"TRANSAVIA\" href=\"http:\/\/www.transavia.com\/\" target=\"_blank\" rel=\"noopener nofollow\"><strong>TRANSAVIA<\/strong><\/a><\/p>\n<p>Il y a des vols en charter directes pour la premiere fois entre Londres et Egilsstadir dans l&rsquo;ouest de l&rsquo;Islande avec la compagnie <strong><a href=\"https:\/\/www.discover-the-world.co.uk\/blog\/new-direct-flight-to-east-iceland-exclusive-to-discover-the-world\" rel=\"nofollow noopener\" target=\"_blank\">DISCOVER THE WORLD<\/a><\/strong><\/p>\n<p>Sinon vous pouvez faire votre recherche sur des sites de r\u00e9servation comme :\u00a0<a title=\"http:\/\/www.skyscanner.fr\" href=\"http:\/\/www.skyscanner.fr\/\" target=\"_blank\" rel=\"noopener nofollow\">http:\/\/www.skyscanner.fr<\/a><\/p>\n<p><strong>Demandes de si\u00e8ge<\/strong><br \/>\nLa plupart des compagnies a\u00e9riennes r\u00e9guli\u00e8res vous permettent maintenant de g\u00e9rer votre propre r\u00e9servation de vol en ligne sur leur site web. Si vous n&rsquo;avez pas encore demand\u00e9 de si\u00e8ges ou de repas sp\u00e9cifiques par l&rsquo;interm\u00e9diaire de votre conseiller en voyages, vous pouvez normalement les demander via le site Web de la compagnie a\u00e9rienne, ainsi que vous enregistrer en ligne pour votre vol si vous le souhaitez. Rendez-vous simplement sur le site Web de la compagnie a\u00e9rienne, entrez votre nom de famille et la r\u00e9f\u00e9rence de r\u00e9servation \u00e0 6 chiffres indiqu\u00e9e en haut de votre billet \u00e9lectronique. La plupart des compagnies a\u00e9riennes autorisent l&rsquo;enregistrement 24 \u00e0 72 heures avant le d\u00e9part.<\/p>\n<p>Veuillez noter que certaines compagnies a\u00e9riennes facturent le pr\u00e9-attribution de si\u00e8ges et que certains types de tarifs ne permettent pas de pr\u00e9-r\u00e9server des si\u00e8ges. Si vous ne pouvez pas pr\u00e9-r\u00e9server des places, nous vous recommandons de vous enregistrer le plus t\u00f4t possible \u00e0 l&rsquo;a\u00e9roport afin de r\u00e9server vos places pr\u00e9f\u00e9r\u00e9es, au moins trois heures avant le d\u00e9part.<\/p>\n<p><strong>Bagages<\/strong><br \/>\nVotre franchise de bagages personnels doit \u00eatre indiqu\u00e9e sur votre billet \u00e9lectronique. Pour plus d&rsquo;informations, nous vous recommandons de consulter le site Web de la compagnie a\u00e9rienne concern\u00e9e pour conna\u00eetre les r\u00e9glementations en vigueur.<\/p>\n<p><strong>Bagage \u00e0 main<\/strong><br \/>\nIl ne devrait y avoir aucun objet pointu dans votre bagage \u00e0 main, ni de liquides \/ gels de plus de 100 ml (pour les r\u00e9glementations les plus r\u00e9centes, veuillez consulter le site Web de l&rsquo;a\u00e9roport). Les m\u00e9dicaments personnels doivent \u00eatre transport\u00e9s dans votre bagage \u00e0 main avec une lettre du m\u00e9decin. Une explication des limites de bagages des compagnies a\u00e9riennes et des conseils d&#8217;emballage utiles sont disponibles sur le site Web de l&rsquo;IATA http:\/\/www.iatatravelcentre.com\/iata-travellers-faq.html<\/p>\n<p>Vous pouvez \u00e9galement rencontrer des contr\u00f4les de s\u00e9curit\u00e9 suppl\u00e9mentaires relatifs aux appareils \u00e9lectroniques, tels que les t\u00e9l\u00e9phones mobiles, en particulier lors de vos vols \u00e0 destination \/ en provenance des \u00c9tats-Unis. Vous devez vous assurer que tous les appareils \u00e9lectroniques transport\u00e9s comme bagage \u00e0 main sont enti\u00e8rement charg\u00e9s avant le voyage &#8211; tout appareil qui ne s&rsquo;allume pas peut ne pas \u00eatre autoris\u00e9 \u00e0 bord de l&rsquo;avion. Certaines restrictions suppl\u00e9mentaires s&rsquo;appliquent \u00e9galement aux vols entrants au Royaume-Uni en provenance d&rsquo;un petit nombre de pays et il peut vous \u00eatre demand\u00e9 de placer certains appareils \u00e9lectroniques dans vos bagages de soute enregistr\u00e9s plut\u00f4t que dans vos bagages \u00e0 main.<\/p>\n","protected":false},"excerpt":{"rendered":"<p>La compagnie\u00a0ICELANDAIR\u00a0assure des\u00a0vols quotidiens r\u00e9guliers\u00a0entre Paris Charles de Gaulle (CDG) et Reykjavik (KEF), ou via de nombreuses villes europ\u00e9ennes, ainsi que des vols transatlantiques qui peuvent permetre une escale prolong\u00e9e en Islande si vous voyagez entre l&rsquo;Europe et les USA&#8230;.<br \/><a class=\"read-more-button\" href=\"https:\/\/www.fjallabak.is\/fr\/voler-vers-lislande\/\">Savoir plus<\/a><\/p>\n","protected":false},"author":1,"featured_media":0,"parent":0,"menu_order":2,"comment_status":"closed","ping_status":"closed","template":"template-full-width.php","meta":{"footnotes":""},"class_list":["post-2255","page","type-page","status-publish","hentry","odd"],"_links":{"self":[{"href":"https:\/\/www.fjallabak.is\/fr\/wp-json\/wp\/v2\/pages\/2255","targetHints":{"allow":["GET"]}}],"collection":[{"href":"https:\/\/www.fjallabak.is\/fr\/wp-json\/wp\/v2\/pages"}],"about":[{"href":"https:\/\/www.fjallabak.is\/fr\/wp-json\/wp\/v2\/types\/page"}],"author":[{"embeddable":true,"href":"https:\/\/www.fjallabak.is\/fr\/wp-json\/wp\/v2\/users\/1"}],"replies":[{"embeddable":true,"href":"https:\/\/www.fjallabak.is\/fr\/wp-json\/wp\/v2\/comments?post=2255"}],"version-history":[{"count":3,"href":"https:\/\/www.fjallabak.is\/fr\/wp-json\/wp\/v2\/pages\/2255\/revisions"}],"predecessor-version":[{"id":36084,"href":"https:\/\/www.fjallabak.is\/fr\/wp-json\/wp\/v2\/pages\/2255\/revisions\/36084"}],"wp:attachment":[{"href":"https:\/\/www.fjallabak.is\/fr\/wp-json\/wp\/v2\/media?parent=2255"}],"curies":[{"name":"wp","href":"https:\/\/api.w.org\/{rel}","templated":true}]}}