{"id":2257,"date":"2015-10-13T07:37:37","date_gmt":"2015-10-13T06:37:37","guid":{"rendered":"http:\/\/www.fjallabak.is\/fr\/?page_id=2257"},"modified":"2024-12-19T16:15:21","modified_gmt":"2024-12-19T16:15:21","slug":"hebergement-a-reykjavik","status":"publish","type":"page","link":"https:\/\/www.fjallabak.is\/fr\/hebergement-a-reykjavik\/","title":{"rendered":"Se loger \u00e0 Reykjavik"},"content":{"rendered":"<p>Vous arrivez en Islande \u00e0<span style=\"text-decoration: underline;\"> l&rsquo;a\u00e9roport international Leifur Eiriksson \u00e0 Keflavik<\/span> qui est distant de 50 km de Reykjavik la capitale.<\/p>\n<p>(Par contre, notez que <span style=\"text-decoration: underline;\">l&rsquo;a\u00e9roport domestique<\/span> pour les vols int\u00e9rieurs se situe \u00e0 Reykjavik m\u00eame.)<\/p>\n<h4>Transfert a\u00e9roport<\/h4>\n<ul>\n<li>En prenant le billet de bus sur place au guichet-billetterie \u00e0 l&rsquo;a\u00e9roport<\/li>\n<li>En r\u00e9servant en ligne \u00e0 l&rsquo;avance sur le site de la compagnie pour l&rsquo;arriv\u00e9e et pour le d\u00e9part<\/li>\n<li>En taxi en r\u00e9servant aupr\u00e8s de Fjallabak<\/li>\n<\/ul>\n<h4>H\u00e9bergement \u00e0 Reykjavik<\/h4>\n<p>A l&rsquo;arriv\u00e9e en Islande et au d\u00e9part vous aurez certainement besoin de vous h\u00e9berger \u00e0 Reykjavik<\/p>\n<p>Il existe toutes les cat\u00e9gories d&rsquo;h\u00e9bergement possible \u00a0dans la petite capitale, mais nous vous conseillons de vous y prendre longtemps en avance surtout pour pour la p\u00e9riode estivale.<\/p>\n<p>Vous pouvez r\u00e9servez votre h\u00e9bergement :<\/p>\n<ul>\n<li>aupr\u00e8s de Fjallabak<\/li>\n<li>en direct en ligne sur Internet via les plateformes comme AirBnB ou Booking<\/li>\n<\/ul>\n<p>Si vous r\u00e9servez en direct ou via une plate-forme , assurez vous que vous serez proche du centre ville<\/p>\n<p>Si vous souhaitez que nous nous chargions de r\u00e9server votre h\u00e9bergement \u00e0 Reykjavik, nous vous demanderons de nous le dire si possible lors de votre inscription, sinon au plus tard \u00e0 40 jours de votre arriv\u00e9e en Islande en nous indiquant pr\u00e9cis\u00e9ment :<\/p>\n<ul>\n<li>Nous dire \u00e0 quel voyage vous participez<\/li>\n<li>Votre date d&rsquo;arriv\u00e9e, horaire et n\u00b0de vol<\/li>\n<li>Votre date au d\u00e9part, horaire et n\u00b0de vol<\/li>\n<li>le nombre de nuits \u00e0 l&rsquo;arriv\u00e9e<\/li>\n<li>le nombre de nuits avant votre d\u00e9part d&rsquo;Islande<\/li>\n<li>la cat\u00e9gorie d\u2019h\u00e9bergement souhait\u00e9e<\/li>\n<li>le type de chambres.<\/li>\n<\/ul>\n<p><strong>En cliquant sur le lien ci-dessous<\/strong>, vous trouverez les informations concernant les diff\u00e9rents tarifs indicatifs pour les h\u00e9bergements et les transferts a\u00e9roport<\/p>\n<p><a class=\"file-download\" href=\"https:\/\/www.fjallabak.is\/wp-content\/uploads\/2024\/12\/Rvik-hotels-et-transfert-aeroport.pdf\" target=\"_blank\" rel=\"nofollow noopener sponsored\">Haute saison &#8211; Transferts et h\u00e9bergement \u00e0 Reykjavik<\/a><\/p>\n","protected":false},"excerpt":{"rendered":"<p>Vous arrivez en Islande \u00e0 l&rsquo;a\u00e9roport international Leifur Eiriksson \u00e0 Keflavik qui est distant de 50 km de Reykjavik la capitale. (Par contre, notez que l&rsquo;a\u00e9roport domestique pour les vols int\u00e9rieurs se situe \u00e0 Reykjavik m\u00eame.) Transfert a\u00e9roport En prenant&#8230;<br \/><a class=\"read-more-button\" href=\"https:\/\/www.fjallabak.is\/fr\/hebergement-a-reykjavik\/\">Savoir plus<\/a><\/p>\n","protected":false},"author":1,"featured_media":0,"parent":0,"menu_order":3,"comment_status":"closed","ping_status":"closed","template":"template-full-width.php","meta":{"footnotes":""},"class_list":["post-2257","page","type-page","status-publish","hentry","odd"],"_links":{"self":[{"href":"https:\/\/www.fjallabak.is\/fr\/wp-json\/wp\/v2\/pages\/2257","targetHints":{"allow":["GET"]}}],"collection":[{"href":"https:\/\/www.fjallabak.is\/fr\/wp-json\/wp\/v2\/pages"}],"about":[{"href":"https:\/\/www.fjallabak.is\/fr\/wp-json\/wp\/v2\/types\/page"}],"author":[{"embeddable":true,"href":"https:\/\/www.fjallabak.is\/fr\/wp-json\/wp\/v2\/users\/1"}],"replies":[{"embeddable":true,"href":"https:\/\/www.fjallabak.is\/fr\/wp-json\/wp\/v2\/comments?post=2257"}],"version-history":[{"count":18,"href":"https:\/\/www.fjallabak.is\/fr\/wp-json\/wp\/v2\/pages\/2257\/revisions"}],"predecessor-version":[{"id":48764,"href":"https:\/\/www.fjallabak.is\/fr\/wp-json\/wp\/v2\/pages\/2257\/revisions\/48764"}],"wp:attachment":[{"href":"https:\/\/www.fjallabak.is\/fr\/wp-json\/wp\/v2\/media?parent=2257"}],"curies":[{"name":"wp","href":"https:\/\/api.w.org\/{rel}","templated":true}]}}