{"id":2275,"date":"2015-10-13T07:46:27","date_gmt":"2015-10-13T07:46:27","guid":{"rendered":"http:\/\/www.fjallabak.is\/fr\/?page_id=2275"},"modified":"2018-01-17T15:56:14","modified_gmt":"2018-01-17T15:56:14","slug":"listes-des-oiseaux-dislande","status":"publish","type":"page","link":"https:\/\/www.fjallabak.is\/fr\/listes-des-oiseaux-dislande\/","title":{"rendered":"Listes des oiseaux d&rsquo;Islande"},"content":{"rendered":"<div id=\"content_template\">\n<p>Situ\u00e9e par 66\u00b0Nord, aux confins de l\u2019Atlantique et de l\u2019Oc\u00e9an Glacial, \u00e0 mi-chemin entre l\u2019Europe et l\u2019Am\u00e9rique, \u00e0 la crois\u00e9e des grandes voies migratoires est-ouest et nord-sud, l\u2019Islande est sans conteste le paradis de la faune ail\u00e9e. Des esp\u00e8ces des deux continents ainsi que des esp\u00e8ces arctiques cohabitent. Certaines falaises connaissent une v\u00e9ritable crise du logement, tandis que landes et prairies sont envahies par d\u2019innombrables limicoles.<\/p>\n<p><a href=\"https:\/\/fjallabak.is\/pdf\/\" target=\"_blank\" rel=\"noopener nofollow\"><img decoding=\"async\" src=\"https:\/\/fjallabak.is\/images\/pdf.jpg\" alt=\"\" border=\"0\" title=\"\"><\/a>\u00a0\u00a0<a href=\"https:\/\/fjallabak.is\/wp-content\/uploads\/2015\/10\/Liste-des-oiseaux-Islandais.pdf\" rel=\"nofollow noopener\" target=\"_blank\">Liste des oiseaux Islandais<\/a><\/p>\n<\/div>\n<div id=\"clearboth\"><\/div>\n","protected":false},"excerpt":{"rendered":"<p>Situ\u00e9e par 66\u00b0Nord, aux confins de l\u2019Atlantique et de l\u2019Oc\u00e9an Glacial, \u00e0 mi-chemin entre l\u2019Europe et l\u2019Am\u00e9rique, \u00e0 la crois\u00e9e des grandes voies migratoires est-ouest et nord-sud, l\u2019Islande est sans conteste le paradis de la faune ail\u00e9e. Des esp\u00e8ces des&#8230;<br \/><a class=\"read-more-button\" href=\"https:\/\/www.fjallabak.is\/fr\/listes-des-oiseaux-dislande\/\">Savoir plus<\/a><\/p>\n","protected":false},"author":1,"featured_media":0,"parent":0,"menu_order":10,"comment_status":"closed","ping_status":"closed","template":"template-full-width.php","meta":{"footnotes":""},"class_list":["post-2275","page","type-page","status-publish","hentry","odd"],"_links":{"self":[{"href":"https:\/\/www.fjallabak.is\/fr\/wp-json\/wp\/v2\/pages\/2275","targetHints":{"allow":["GET"]}}],"collection":[{"href":"https:\/\/www.fjallabak.is\/fr\/wp-json\/wp\/v2\/pages"}],"about":[{"href":"https:\/\/www.fjallabak.is\/fr\/wp-json\/wp\/v2\/types\/page"}],"author":[{"embeddable":true,"href":"https:\/\/www.fjallabak.is\/fr\/wp-json\/wp\/v2\/users\/1"}],"replies":[{"embeddable":true,"href":"https:\/\/www.fjallabak.is\/fr\/wp-json\/wp\/v2\/comments?post=2275"}],"version-history":[{"count":2,"href":"https:\/\/www.fjallabak.is\/fr\/wp-json\/wp\/v2\/pages\/2275\/revisions"}],"predecessor-version":[{"id":11368,"href":"https:\/\/www.fjallabak.is\/fr\/wp-json\/wp\/v2\/pages\/2275\/revisions\/11368"}],"wp:attachment":[{"href":"https:\/\/www.fjallabak.is\/fr\/wp-json\/wp\/v2\/media?parent=2275"}],"curies":[{"name":"wp","href":"https:\/\/api.w.org\/{rel}","templated":true}]}}