{"id":24427,"date":"2019-12-04T11:50:42","date_gmt":"2019-12-04T11:50:42","guid":{"rendered":"https:\/\/www.fjallabak.is\/?page_id=24427"},"modified":"2019-12-05T11:13:51","modified_gmt":"2019-12-05T11:13:51","slug":"loin-de-la-foule-2","status":"publish","type":"page","link":"https:\/\/www.fjallabak.is\/fr\/loin-de-la-foule-2\/","title":{"rendered":"Loin de la foule"},"content":{"rendered":"\n<p>L&rsquo;Islande, victime de son succ\u00e8s, est envahie (c&rsquo;est notre point de vue) par la foule touristique essentiellement sur le pourtour de la route circulaire n\u00b01 mais aussi dans certains lieux remarquables de l&rsquo;int\u00e9rieur faciles d&rsquo;acc\u00e8s, telle la vall\u00e9e de Landmannalaugar. Ailleurs, soit 90% du territoire, la Nature reste vierge, la pr\u00e9sence humaine reste rare, pas de constructions, de lignes \u00e9lectriques, de bus\u2026<\/p>\n\n\n\n<p>C\u2019est l\u00e0 que nous mis en place nos premiers trekkings il y a 40 ans et les op\u00e9rons toujours avec passion. La plupart ont lieu dans les hautes terres du sud en plein sur la ride active, principalement dans la r\u00e9gion de Fjallabak qui offre une vari\u00e9t\u00e9 incomparable de paysages fantastiques.<\/p>\n\n\n\n<p>Au cours de certains de nos trek, si il arrive que nous passions \u00e0 travers la vall\u00e9e de Landmannalaugar, nous ne ne n&rsquo;y attardons gu\u00e8re plus que quelques heures. Pareil pour le seul sentier balis\u00e9 de cette r\u00e9gion, le bien trop populaire sentier nord-sud de Laugavegur; nous ne faisons que le traverser perpendiculairement, d&rsquo;Ouest en Est<\/p>\n\n\n\n<p>D\u00e8s ce printemps 2020 des vols direct entre la Chine et l&rsquo;Islande vont \u00eatre mis en place ce qui ne va pas amm\u00e9liorer l&#8217;emprunte carbonne du tourisme. Pour les affairistes et entrepreuneurs islandais qui ont investit \u00e9norm\u00e9ment dans l&rsquo;h\u00f4telerie soit-disant \u00ab\u00a0de Luxe\u00a0\u00bb sur le pourtour de l&rsquo;\u00eele c&rsquo;est s\u00fbrement un soulagement. Cette client\u00e8le \u00e9norme compense d\u00e9j\u00e0 all\u00e9grement la diminution des voyageurs occidentaux, moins riches qu&rsquo; autrefois, et qui commencent, pour certains, \u00e0 consid\u00e9rer que \u00e7a devient honteux de prendre l&rsquo;avion. H\u00e9las, pour aller en Islande il n&rsquo;y a pas encore d&rsquo;autre moyen que de voler ou que d&rsquo;avoir du temps pour un long mal de mer.<\/p>\n\n\n\n<p>Les longues marches \u00e0 pied ne sont pas (ne sont plus) \u00e0 priori ce qui int\u00e9resse ces nouveaux et tr\u00e8s nombreux visiteurs.<\/p>\n\n\n\n<p>Heureusement une grande partie de l&rsquo;int\u00e9rieur est sous le contr\u00f4le s\u00e9v\u00e8re des parcs nationaux et du minist\u00e8re de la protection de la nature. Esp\u00e8rons que leur int\u00e9grit\u00e9 restera digne.  En attendant d\u00e9pourvu d&rsquo;infrastructures : h\u00e9bergements, routes carrossables, de ponts sur les rivi\u00e8res, cel\u00e0 devrait prot\u00e9ger ces vastes territoires vierges encore quelques temps.<br>\nPour notre part, nous r\u00eaverions que la totalit\u00e9 du territoire non-habit\u00e9 deviennent un des plus grand parc naturel du monde.<\/p>\n","protected":false},"excerpt":{"rendered":"<p>L&rsquo;Islande, victime de son succ\u00e8s, est envahie (c&rsquo;est notre point de vue) par la foule touristique essentiellement sur le pourtour de la route circulaire n\u00b01 mais aussi dans certains lieux remarquables de l&rsquo;int\u00e9rieur faciles d&rsquo;acc\u00e8s, telle la vall\u00e9e de Landmannalaugar&#8230;.<br \/><a class=\"read-more-button\" href=\"https:\/\/www.fjallabak.is\/fr\/loin-de-la-foule-2\/\">Savoir plus<\/a><\/p>\n","protected":false},"author":1,"featured_media":0,"parent":0,"menu_order":0,"comment_status":"closed","ping_status":"closed","template":"","meta":{"footnotes":""},"class_list":["post-24427","page","type-page","status-publish","hentry","odd"],"_links":{"self":[{"href":"https:\/\/www.fjallabak.is\/fr\/wp-json\/wp\/v2\/pages\/24427","targetHints":{"allow":["GET"]}}],"collection":[{"href":"https:\/\/www.fjallabak.is\/fr\/wp-json\/wp\/v2\/pages"}],"about":[{"href":"https:\/\/www.fjallabak.is\/fr\/wp-json\/wp\/v2\/types\/page"}],"author":[{"embeddable":true,"href":"https:\/\/www.fjallabak.is\/fr\/wp-json\/wp\/v2\/users\/1"}],"replies":[{"embeddable":true,"href":"https:\/\/www.fjallabak.is\/fr\/wp-json\/wp\/v2\/comments?post=24427"}],"version-history":[{"count":3,"href":"https:\/\/www.fjallabak.is\/fr\/wp-json\/wp\/v2\/pages\/24427\/revisions"}],"predecessor-version":[{"id":24492,"href":"https:\/\/www.fjallabak.is\/fr\/wp-json\/wp\/v2\/pages\/24427\/revisions\/24492"}],"wp:attachment":[{"href":"https:\/\/www.fjallabak.is\/fr\/wp-json\/wp\/v2\/media?parent=24427"}],"curies":[{"name":"wp","href":"https:\/\/api.w.org\/{rel}","templated":true}]}}