{"id":358,"date":"2015-07-25T19:48:56","date_gmt":"2015-07-25T18:48:56","guid":{"rendered":"http:\/\/www.fjallabak.is\/?page_id=358"},"modified":"2017-03-22T17:37:39","modified_gmt":"2017-03-22T17:37:39","slug":"sinscrire-sur-un-voyage","status":"publish","type":"page","link":"https:\/\/www.fjallabak.is\/fr\/sinscrire-sur-un-voyage\/","title":{"rendered":"S&rsquo;inscrire sur un voyage"},"content":{"rendered":"<p style=\"text-align: justify;\">J&rsquo;ai un peu h\u00e9sit\u00e9 \u00e0 \u00e9crire les lignes suivantes car elle ne sont gu\u00e8re commerciales, mais apr\u00e8s trente ans d&rsquo;exp\u00e9rience, il me para\u00eet essentiel de les exprimer. Nos amis et clients qui ont beaucoup voyag\u00e9 en comprendront tr\u00e8s bien le sens.<\/p>\n<p style=\"text-align: justify;\">Vous partez vers l&rsquo;inconnu avec des inconnus. Ces compagnons de voyage deviendront vite vos amis car ils sont venus ici, comme vous, avec cet esprit d&rsquo;aventure et de d\u00e9couverte qui vous habite.<\/p>\n<p style=\"text-align: justify;\">H\u00e9las il arrive, bien que fort rarement, que quelqu&rsquo;un se trompe de destination. Une seule personne \u00e0 l&rsquo;esprit fonci\u00e8rement d\u00e9-constructif peut mettre en p\u00e9ril la r\u00e9ussite d&rsquo;un voyage. Membre d&rsquo;un voyage d&rsquo;aventure, armez vous d&rsquo;un certain fatalisme, de quelque flegme et n&#8217;emportez pas trop de normes et d&rsquo;id\u00e9es toutes faites dans votre bagage. Une d\u00e9marche positive et votre plaisir de voyager sera ainsi sublim\u00e9. Surtout, laisser le vieux r\u00e2leur chez lui !<\/p>\n<p style=\"text-align: justify;\">Si il arrive qu&rsquo;un de nos compagnons se r\u00e9v\u00e8le difficile, hormis sa personnalit\u00e9 propre, c&rsquo;est s\u00fbrement qu&rsquo;il est inquiet ou angoiss\u00e9. Soit la nature \u00e9trange de l&rsquo;Islande est peut \u00eatre trop forte pour lui, soit il doute brusquement de son niveau physique, soit ses chaussures neuves le font souffrir, soit la rusticit\u00e9 du confort le d\u00e9route. Cette personne \u00e0 peut-\u00eatre \u00e9t\u00e9 mal renseign\u00e9e par l&rsquo;agence aupr\u00e8s de laquelle elle s&rsquo;est inscrite. Peut-\u00eatre n&rsquo;a t-elle pas su lire le programme et, peut-\u00eatre m\u00eame, s&rsquo;est elle tromp\u00e9e de voyage. Si ses r\u00e9flexions intempestives ou son lourd silence sont un signal d&rsquo;alarme il peut parfois \u00e9chapper au guide au d\u00e9but, mais rarement aux membres du groupe. Il est en g\u00e9n\u00e9ral facile de calmer le jeu d\u00e8s le d\u00e9part.<\/p>\n<p style=\"text-align: justify;\">De notre c\u00f4t\u00e9, nous ne sommes pas infaillibles, et il peut arriver qu&rsquo;un guide se trompe, qu&rsquo;un v\u00e9hicule tombe en panne, qu&rsquo;un grain de sable vienne entraver notre intendance ou que le terrain et la m\u00e9t\u00e9o nous soient hostiles. Dans le cas \u00a0improbable o\u00f9 vous auriez \u00e0 vous plaindre de quelque chose dont vous nous sentez responsables afin que les choses soient clarifi\u00e9es, n&rsquo;attendez pas que le voyage soit fini, faites le savoir d\u00e8s le d\u00e9but \u00e0 votre guide. Soyez convaincu que lui, nous et vos compagnons n&rsquo;aspirons qu&rsquo;\u00e0 la r\u00e9ussite du voyage.<\/p>\n<p style=\"text-align: justify;\">Philippe Patay et toute l&rsquo;\u00e9quipe de Fjallabak.<\/p>\n","protected":false},"excerpt":{"rendered":"<p>J&rsquo;ai un peu h\u00e9sit\u00e9 \u00e0 \u00e9crire les lignes suivantes car elle ne sont gu\u00e8re commerciales, mais apr\u00e8s trente ans d&rsquo;exp\u00e9rience, il me para\u00eet essentiel de les exprimer. Nos amis et clients qui ont beaucoup voyag\u00e9 en comprendront tr\u00e8s bien le&#8230;<br \/><a class=\"read-more-button\" href=\"https:\/\/www.fjallabak.is\/fr\/sinscrire-sur-un-voyage\/\">Savoir plus<\/a><\/p>\n","protected":false},"author":1,"featured_media":0,"parent":0,"menu_order":0,"comment_status":"closed","ping_status":"closed","template":"","meta":{"footnotes":""},"class_list":["post-358","page","type-page","status-publish","hentry","odd"],"_links":{"self":[{"href":"https:\/\/www.fjallabak.is\/fr\/wp-json\/wp\/v2\/pages\/358","targetHints":{"allow":["GET"]}}],"collection":[{"href":"https:\/\/www.fjallabak.is\/fr\/wp-json\/wp\/v2\/pages"}],"about":[{"href":"https:\/\/www.fjallabak.is\/fr\/wp-json\/wp\/v2\/types\/page"}],"author":[{"embeddable":true,"href":"https:\/\/www.fjallabak.is\/fr\/wp-json\/wp\/v2\/users\/1"}],"replies":[{"embeddable":true,"href":"https:\/\/www.fjallabak.is\/fr\/wp-json\/wp\/v2\/comments?post=358"}],"version-history":[{"count":1,"href":"https:\/\/www.fjallabak.is\/fr\/wp-json\/wp\/v2\/pages\/358\/revisions"}],"predecessor-version":[{"id":9629,"href":"https:\/\/www.fjallabak.is\/fr\/wp-json\/wp\/v2\/pages\/358\/revisions\/9629"}],"wp:attachment":[{"href":"https:\/\/www.fjallabak.is\/fr\/wp-json\/wp\/v2\/media?parent=358"}],"curies":[{"name":"wp","href":"https:\/\/api.w.org\/{rel}","templated":true}]}}