{"id":362,"date":"2015-07-25T19:51:47","date_gmt":"2015-07-25T18:51:47","guid":{"rendered":"http:\/\/www.fjallabak.is\/?page_id=362"},"modified":"2019-10-22T15:59:21","modified_gmt":"2019-10-22T15:59:21","slug":"qui-sommes-nous","status":"publish","type":"page","link":"https:\/\/www.fjallabak.is\/fr\/qui-sommes-nous\/","title":{"rendered":"Qui sommes-nous ?"},"content":{"rendered":"<div class=\"panel-grid\" id=\"pg-362-0\" ><div class=\"panel-grid-cell\" id=\"pgc-362-0-0\" ><div class=\"panel widget widget_songwritergrid panel-last-child\" id=\"panel-362-0-0-1\">  <section class=\"home-grid-posts\">\n \n                \n    <h2 class=\"entry-headline\"><span class=\"entry-headline-text\"><\/span><\/h2>\n      <div class=\"js-masonry home-grid-posts-wrapper\">\n            \n        <article class=\"post-entry post-entry-grid\">\n        <div class=\"post-entry-grid-inner\">\n          <a title=\"Philippe Patay\" href=\"https:\/\/www.fjallabak.is\/fr\/philippe-patay\/\"><img loading=\"lazy\" decoding=\"async\" width=\"1041\" height=\"1248\" src=\"https:\/\/www.fjallabak.is\/wp-content\/uploads\/2025\/01\/IMG_2938.jpg\" class=\"attachment-post-thumbnail size-post-thumbnail wp-post-image\" alt=\"\" srcset=\"https:\/\/www.fjallabak.is\/wp-content\/uploads\/2025\/01\/IMG_2938.jpg 1041w, https:\/\/www.fjallabak.is\/wp-content\/uploads\/2025\/01\/IMG_2938-250x300.jpg 250w, https:\/\/www.fjallabak.is\/wp-content\/uploads\/2025\/01\/IMG_2938-854x1024.jpg 854w, https:\/\/www.fjallabak.is\/wp-content\/uploads\/2025\/01\/IMG_2938-768x921.jpg 768w\" sizes=\"auto, (max-width: 1041px) 100vw, 1041px\" title=\"\"><\/a>          <h2 class=\"post-entry-headline\"><a title=\"Philippe Patay\" href=\"https:\/\/www.fjallabak.is\/fr\/philippe-patay\/\">Philippe Patay<\/a><\/h2>\n          <p class=\"post-meta\">\n            <span class=\"post-info-author\"><i class=\"icon_pencil-edit\" aria-hidden=\"true\"><\/i><a href=\"https:\/\/www.fjallabak.is\/fr\/author\/syspbad\/\" title=\"Articles par syspbad\" rel=\"author\">syspbad<\/a><\/span>\n            <span class=\"post-info-date\"><i class=\"icon_clock_alt\" aria-hidden=\"true\"><\/i><a href=\"https:\/\/www.fjallabak.is\/fr\/philippe-patay\/\">4 mars 2017<\/a><\/span>\n          <\/p>\n<p>Philippe Patay P\u00e9tursson, \u00ab\u00a0Filippus\u00a0\u00bb, 72, est arriv\u00e9 en Islande \u00e0 20 ans.\u00a0 Sigri\u00f0ur et lui ont trois enfants. Ils sont les fondateurs de Fjallabak. Grand marcheur, photographe, observateur de la nature et des oiseaux en particulier, il a beaucoup voyag\u00e9&#8230;<br \/><a class=\"read-more-button\" href=\"https:\/\/www.fjallabak.is\/fr\/philippe-patay\/\">Savoir plus<\/a><\/p>\n        <\/div>\n        <\/article>\n            \n        <article class=\"post-entry post-entry-grid\">\n        <div class=\"post-entry-grid-inner\">\n          <a title=\"Matthildur Filippusd\u00f3ttir Patay\" href=\"https:\/\/www.fjallabak.is\/fr\/matthildur-filippusdottir-patay\/\"><img loading=\"lazy\" decoding=\"async\" width=\"1170\" height=\"1463\" src=\"https:\/\/www.fjallabak.is\/wp-content\/uploads\/2025\/01\/IMG_E3200-1170x1463.jpg\" class=\"attachment-post-thumbnail size-post-thumbnail wp-post-image\" alt=\"\" srcset=\"https:\/\/www.fjallabak.is\/wp-content\/uploads\/2025\/01\/IMG_E3200-1170x1463.jpg 1170w, https:\/\/www.fjallabak.is\/wp-content\/uploads\/2025\/01\/IMG_E3200-240x300.jpg 240w, https:\/\/www.fjallabak.is\/wp-content\/uploads\/2025\/01\/IMG_E3200-819x1024.jpg 819w, https:\/\/www.fjallabak.is\/wp-content\/uploads\/2025\/01\/IMG_E3200-768x960.jpg 768w, https:\/\/www.fjallabak.is\/wp-content\/uploads\/2025\/01\/IMG_E3200-1228x1536.jpg 1228w, https:\/\/www.fjallabak.is\/wp-content\/uploads\/2025\/01\/IMG_E3200.jpg 1338w\" sizes=\"auto, (max-width: 1170px) 100vw, 1170px\" title=\"\"><\/a>          <h2 class=\"post-entry-headline\"><a title=\"Matthildur Filippusd\u00f3ttir Patay\" href=\"https:\/\/www.fjallabak.is\/fr\/matthildur-filippusdottir-patay\/\">Matthildur Filippusd\u00f3ttir Patay<\/a><\/h2>\n          <p class=\"post-meta\">\n            <span class=\"post-info-author\"><i class=\"icon_pencil-edit\" aria-hidden=\"true\"><\/i><a href=\"https:\/\/www.fjallabak.is\/fr\/author\/matta\/\" title=\"Articles par Mathildur Patay\" rel=\"author\">Mathildur Patay<\/a><\/span>\n            <span class=\"post-info-date\"><i class=\"icon_clock_alt\" aria-hidden=\"true\"><\/i><a href=\"https:\/\/www.fjallabak.is\/fr\/matthildur-filippusdottir-patay\/\">4 f\u00e9vrier 2017<\/a><\/span>\n          <\/p>\n<p>Matta, votre premier contact chez Fjallabak \u00a0 \u00a0matta@fjallabak.is Matthildur Filippusd\u00f3ttir Patay, \u00ab Matta\u00ab , 40 ans, est la fille ain\u00e9e de Sigri\u00f0ur et de Philippe Patay. Elle et son compagnon Andr\u00e9s \u00dalfur sont les parents de deux gar\u00e7ons. Elle s\u2019occupe&#8230;<br \/><a class=\"read-more-button\" href=\"https:\/\/www.fjallabak.is\/fr\/matthildur-filippusdottir-patay\/\">Savoir plus<\/a><\/p>\n        <\/div>\n        <\/article>\n            \n        <article class=\"post-entry post-entry-grid\">\n        <div class=\"post-entry-grid-inner\">\n          <a title=\"Andr\u00e9s \u00dalfur Helguson\" href=\"https:\/\/www.fjallabak.is\/fr\/andres-ulfur-helguson\/\"><img loading=\"lazy\" decoding=\"async\" width=\"1170\" height=\"1717\" src=\"https:\/\/www.fjallabak.is\/wp-content\/uploads\/2025\/01\/IMG_0985-1170x1717.jpg\" class=\"attachment-post-thumbnail size-post-thumbnail wp-post-image\" alt=\"Andr\u00e9s \u00dalfur\" srcset=\"https:\/\/www.fjallabak.is\/wp-content\/uploads\/2025\/01\/IMG_0985-1170x1717.jpg 1170w, https:\/\/www.fjallabak.is\/wp-content\/uploads\/2025\/01\/IMG_0985-204x300.jpg 204w, https:\/\/www.fjallabak.is\/wp-content\/uploads\/2025\/01\/IMG_0985-698x1024.jpg 698w, https:\/\/www.fjallabak.is\/wp-content\/uploads\/2025\/01\/IMG_0985-768x1127.jpg 768w, https:\/\/www.fjallabak.is\/wp-content\/uploads\/2025\/01\/IMG_0985-1046x1536.jpg 1046w, https:\/\/www.fjallabak.is\/wp-content\/uploads\/2025\/01\/IMG_0985-1395x2048.jpg 1395w, https:\/\/www.fjallabak.is\/wp-content\/uploads\/2025\/01\/IMG_0985-scaled.jpg 1744w\" sizes=\"auto, (max-width: 1170px) 100vw, 1170px\" title=\"\"><\/a>          <h2 class=\"post-entry-headline\"><a title=\"Andr\u00e9s \u00dalfur Helguson\" href=\"https:\/\/www.fjallabak.is\/fr\/andres-ulfur-helguson\/\">Andr\u00e9s \u00dalfur Helguson<\/a><\/h2>\n          <p class=\"post-meta\">\n            <span class=\"post-info-author\"><i class=\"icon_pencil-edit\" aria-hidden=\"true\"><\/i><a href=\"https:\/\/www.fjallabak.is\/fr\/author\/matta\/\" title=\"Articles par Mathildur Patay\" rel=\"author\">Mathildur Patay<\/a><\/span>\n            <span class=\"post-info-date\"><i class=\"icon_clock_alt\" aria-hidden=\"true\"><\/i><a href=\"https:\/\/www.fjallabak.is\/fr\/andres-ulfur-helguson\/\">4 janvier 2017<\/a><\/span>\n          <\/p>\n<p>Andr\u00e9s \u00dalfur Helguson\u00a0(50) , guide de glacier et fan de gros 4\u00d74. Il est celui qui sait tout faire. Sa grande taille, son humeur \u00e9gale, son calme et son sourire d\u00e9sarmant en font un \u00e9l\u00e9ment essentiel quand la saison d\u00e9borde&#8230;<br \/><a class=\"read-more-button\" href=\"https:\/\/www.fjallabak.is\/fr\/andres-ulfur-helguson\/\">Savoir plus<\/a><\/p>\n        <\/div>\n        <\/article>\n            \n        <article class=\"post-entry post-entry-grid\">\n        <div class=\"post-entry-grid-inner\">\n          <a title=\"Sigridur Lovisa Arnarsdottir\" href=\"https:\/\/www.fjallabak.is\/fr\/sigridur-lovisa-arnarsdottir\/\"><img loading=\"lazy\" decoding=\"async\" width=\"1170\" height=\"1746\" src=\"https:\/\/www.fjallabak.is\/wp-content\/uploads\/2025\/01\/IMG_2837-1170x1746.jpeg\" class=\"attachment-post-thumbnail size-post-thumbnail wp-post-image\" alt=\"Sigga Lolla\" srcset=\"https:\/\/www.fjallabak.is\/wp-content\/uploads\/2025\/01\/IMG_2837-1170x1746.jpeg 1170w, https:\/\/www.fjallabak.is\/wp-content\/uploads\/2025\/01\/IMG_2837-201x300.jpeg 201w, https:\/\/www.fjallabak.is\/wp-content\/uploads\/2025\/01\/IMG_2837-686x1024.jpeg 686w, https:\/\/www.fjallabak.is\/wp-content\/uploads\/2025\/01\/IMG_2837-768x1146.jpeg 768w, https:\/\/www.fjallabak.is\/wp-content\/uploads\/2025\/01\/IMG_2837-1029x1536.jpeg 1029w, https:\/\/www.fjallabak.is\/wp-content\/uploads\/2025\/01\/IMG_2837-1373x2048.jpeg 1373w, https:\/\/www.fjallabak.is\/wp-content\/uploads\/2025\/01\/IMG_2837-scaled.jpeg 1716w\" sizes=\"auto, (max-width: 1170px) 100vw, 1170px\" title=\"\"><\/a>          <h2 class=\"post-entry-headline\"><a title=\"Sigridur Lovisa Arnarsdottir\" href=\"https:\/\/www.fjallabak.is\/fr\/sigridur-lovisa-arnarsdottir\/\">Sigridur Lovisa Arnarsdottir<\/a><\/h2>\n          <p class=\"post-meta\">\n            <span class=\"post-info-author\"><i class=\"icon_pencil-edit\" aria-hidden=\"true\"><\/i><a href=\"https:\/\/www.fjallabak.is\/fr\/author\/matta\/\" title=\"Articles par Mathildur Patay\" rel=\"author\">Mathildur Patay<\/a><\/span>\n            <span class=\"post-info-date\"><i class=\"icon_clock_alt\" aria-hidden=\"true\"><\/i><a href=\"https:\/\/www.fjallabak.is\/fr\/sigridur-lovisa-arnarsdottir\/\">4 f\u00e9vrier 2016<\/a><\/span>\n          <\/p>\n<p>Sigri\u00f0ur Arnarsdottir (Traduction: Chevauch\u00e9e Victorieuse , Fille d\u2019Aigle), \u00a0ou \u201cSigga Lolla\u00a0\u00bb \u00a0(\u00e2ge: confidentiel) est n\u00e9e et a grandi \u00e0 Siglufj\u00f6r\u00f0ur tout au nord de l&rsquo;Islande, un port de p\u00eache au hareng au bout du monde \u00e0 quelques encablures du cercle&#8230;<br \/><a class=\"read-more-button\" href=\"https:\/\/www.fjallabak.is\/fr\/sigridur-lovisa-arnarsdottir\/\">Savoir plus<\/a><\/p>\n        <\/div>\n        <\/article>\n      <\/div>\n  <\/section>\n<\/div><\/div><\/div>","protected":false},"excerpt":{"rendered":"","protected":false},"author":1,"featured_media":10922,"parent":0,"menu_order":0,"comment_status":"closed","ping_status":"closed","template":"template-full-width.php","meta":{"footnotes":""},"class_list":["post-362","page","type-page","status-publish","has-post-thumbnail","hentry","odd"],"_links":{"self":[{"href":"https:\/\/www.fjallabak.is\/fr\/wp-json\/wp\/v2\/pages\/362","targetHints":{"allow":["GET"]}}],"collection":[{"href":"https:\/\/www.fjallabak.is\/fr\/wp-json\/wp\/v2\/pages"}],"about":[{"href":"https:\/\/www.fjallabak.is\/fr\/wp-json\/wp\/v2\/types\/page"}],"author":[{"embeddable":true,"href":"https:\/\/www.fjallabak.is\/fr\/wp-json\/wp\/v2\/users\/1"}],"replies":[{"embeddable":true,"href":"https:\/\/www.fjallabak.is\/fr\/wp-json\/wp\/v2\/comments?post=362"}],"version-history":[{"count":3,"href":"https:\/\/www.fjallabak.is\/fr\/wp-json\/wp\/v2\/pages\/362\/revisions"}],"predecessor-version":[{"id":22915,"href":"https:\/\/www.fjallabak.is\/fr\/wp-json\/wp\/v2\/pages\/362\/revisions\/22915"}],"wp:featuredmedia":[{"embeddable":true,"href":"https:\/\/www.fjallabak.is\/fr\/wp-json\/wp\/v2\/media\/10922"}],"wp:attachment":[{"href":"https:\/\/www.fjallabak.is\/fr\/wp-json\/wp\/v2\/media?parent=362"}],"curies":[{"name":"wp","href":"https:\/\/api.w.org\/{rel}","templated":true}]}}