{"id":364,"date":"2015-07-25T19:54:39","date_gmt":"2015-07-25T18:54:39","guid":{"rendered":"http:\/\/www.fjallabak.is\/?page_id=364"},"modified":"2015-11-06T07:08:12","modified_gmt":"2015-11-06T06:08:12","slug":"nos-partenaires-et-associes","status":"publish","type":"page","link":"https:\/\/www.fjallabak.is\/fr\/sinscrire-sur-un-voyage\/nos-partenaires-et-associes\/","title":{"rendered":"Nos partenaires et associ\u00e9s"},"content":{"rendered":"<p style=\"text-align: justify;\">Nous collaborons \u00e9troitement depuis de nombreuses ann\u00e9es avec de petits tour op\u00e9rateurs tr\u00e8s sp\u00e9cialis\u00e9s ainsi qu&rsquo;avec des guides ind\u00e9pendants en Europe, aux USA et en Islande.\u00a0Nous sommes leur prestataire de service ici en islande, mais il arrive aussi que ce soit l&rsquo;inverse et qu&rsquo;il nous assistent pour monter des projets de voyages en Islande et au loin dans le monde.<\/p>\n<div>Nous vous recommandons d&rsquo;aller visiter les sites de ces gens passionn\u00e9s et passionants et voir ce qu&rsquo;il proposent cette ann\u00e9e en Islande et de par le vaste monde :<\/div>\n","protected":false},"excerpt":{"rendered":"<p>Nous collaborons \u00e9troitement depuis de nombreuses ann\u00e9es avec de petits tour op\u00e9rateurs tr\u00e8s sp\u00e9cialis\u00e9s ainsi qu&rsquo;avec des guides ind\u00e9pendants en Europe, aux USA et en Islande.\u00a0Nous sommes leur prestataire de service ici en islande, mais il arrive aussi que ce&#8230;<br \/><a class=\"read-more-button\" href=\"https:\/\/www.fjallabak.is\/fr\/sinscrire-sur-un-voyage\/nos-partenaires-et-associes\/\">Savoir plus<\/a><\/p>\n","protected":false},"author":1,"featured_media":0,"parent":358,"menu_order":0,"comment_status":"closed","ping_status":"closed","template":"","meta":{"footnotes":""},"class_list":["post-364","page","type-page","status-publish","hentry","odd"],"_links":{"self":[{"href":"https:\/\/www.fjallabak.is\/fr\/wp-json\/wp\/v2\/pages\/364","targetHints":{"allow":["GET"]}}],"collection":[{"href":"https:\/\/www.fjallabak.is\/fr\/wp-json\/wp\/v2\/pages"}],"about":[{"href":"https:\/\/www.fjallabak.is\/fr\/wp-json\/wp\/v2\/types\/page"}],"author":[{"embeddable":true,"href":"https:\/\/www.fjallabak.is\/fr\/wp-json\/wp\/v2\/users\/1"}],"replies":[{"embeddable":true,"href":"https:\/\/www.fjallabak.is\/fr\/wp-json\/wp\/v2\/comments?post=364"}],"version-history":[{"count":0,"href":"https:\/\/www.fjallabak.is\/fr\/wp-json\/wp\/v2\/pages\/364\/revisions"}],"up":[{"embeddable":true,"href":"https:\/\/www.fjallabak.is\/fr\/wp-json\/wp\/v2\/pages\/358"}],"wp:attachment":[{"href":"https:\/\/www.fjallabak.is\/fr\/wp-json\/wp\/v2\/media?parent=364"}],"curies":[{"name":"wp","href":"https:\/\/api.w.org\/{rel}","templated":true}]}}