{"id":4512,"date":"2016-01-22T13:21:38","date_gmt":"2016-01-22T13:21:38","guid":{"rendered":"https:\/\/www.fjallabak.is\/fr\/?page_id=4512"},"modified":"2020-05-11T15:09:23","modified_gmt":"2020-05-11T15:09:23","slug":"voyages-prives","status":"publish","type":"page","link":"https:\/\/www.fjallabak.is\/fr\/voyages-prives\/","title":{"rendered":"Voyages priv\u00e9s"},"content":{"rendered":"<div class=\"panel-grid\" id=\"pg-4512-0\" ><div class=\"panel-grid-cell\" id=\"pgc-4512-0-0\" ><div class=\"panel widget widget_text panel-first-child panel-last-child\" id=\"panel-4512-0-0-0\">\t\t\t<div class=\"textwidget\"><\/div>\n\t\t<\/div><\/div><div class=\"panel-grid-cell\" id=\"pgc-4512-0-1\" ><div class=\"panel widget widget_text panel-first-child panel-last-child\" id=\"panel-4512-0-1-0\">\t\t\t<div class=\"textwidget\">\n<div class=\"travels_list\">\n<p>                <!-- pagination here --><\/p>\n<p>                <!-- the loop --><\/p>\n<div id=\"travel-5130\">\n<div class=\"section group\">\n<div class=\"thumbnail col span_2_of_4\"><img loading=\"lazy\" decoding=\"async\" width=\"250\" height=\"250\" src=\"https:\/\/www.fjallabak.is\/wp-content\/uploads\/2025\/10\/4450B2C3-8922-4BB9-A210-8A582DAFD5DF-300x300.jpg\" class=\"attachment-250x250 size-250x250 wp-post-image\" alt=\"\" srcset=\"https:\/\/www.fjallabak.is\/wp-content\/uploads\/2025\/10\/4450B2C3-8922-4BB9-A210-8A582DAFD5DF-300x300.jpg 300w, https:\/\/www.fjallabak.is\/wp-content\/uploads\/2025\/10\/4450B2C3-8922-4BB9-A210-8A582DAFD5DF-150x150.jpg 150w, https:\/\/www.fjallabak.is\/wp-content\/uploads\/2025\/10\/4450B2C3-8922-4BB9-A210-8A582DAFD5DF-60x60.jpg 60w, https:\/\/www.fjallabak.is\/wp-content\/uploads\/2025\/10\/4450B2C3-8922-4BB9-A210-8A582DAFD5DF-375x375.jpg 375w, https:\/\/www.fjallabak.is\/wp-content\/uploads\/2025\/10\/4450B2C3-8922-4BB9-A210-8A582DAFD5DF-96x96.jpg 96w\" sizes=\"auto, (max-width: 250px) 100vw, 250px\" title=\"\"><\/div>\n<div class=\"short_description col span_2_of_4\">\n<h2><a href=\"https:\/\/www.fjallabak.is\/fr\/islande\/extension-post-tour-aux-iles-vestmann-en-ferry\/\">Extension individuelle aux \u00eeles Vestmannaeyjar<\/a><\/h2>\n<p>                                Avant ou apr\u00e8s un trekking Fjallabak dans les Hautes-Terres du Sud, vous avez la possibilit\u00e9 d'aller d\u00e9couvrir par vous m\u00eame le magnifique archipel des \u00eeles Vestmann PRE-TOUR : Avant de nous rejoindre pour le d\u00e9part de la randonn\u00e9e, nous vous aurons transmis les informations et\u2026<br \/>\n                                <a href=\"https:\/\/www.fjallabak.is\/fr\/islande\/extension-post-tour-aux-iles-vestmann-en-ferry\/\" class=\"details bouton\">D\u00e9tails, date et r\u00e9servations<\/a>\n                            <\/div>\n<\/p><\/div>\n<\/p><\/div>\n<div id=\"travel-26050\">\n<div class=\"section group\">\n<div class=\"thumbnail col span_2_of_4\"><img loading=\"lazy\" decoding=\"async\" width=\"250\" height=\"250\" src=\"https:\/\/www.fjallabak.is\/wp-content\/uploads\/2025\/01\/IMG_4040-300x300.jpg\" class=\"attachment-250x250 size-250x250 wp-post-image\" alt=\"\" srcset=\"https:\/\/www.fjallabak.is\/wp-content\/uploads\/2025\/01\/IMG_4040-300x300.jpg 300w, https:\/\/www.fjallabak.is\/wp-content\/uploads\/2025\/01\/IMG_4040-150x150.jpg 150w, https:\/\/www.fjallabak.is\/wp-content\/uploads\/2025\/01\/IMG_4040-60x60.jpg 60w, https:\/\/www.fjallabak.is\/wp-content\/uploads\/2025\/01\/IMG_4040-375x375.jpg 375w, https:\/\/www.fjallabak.is\/wp-content\/uploads\/2025\/01\/IMG_4040-96x96.jpg 96w\" sizes=\"auto, (max-width: 250px) 100vw, 250px\" title=\"\"><\/div>\n<div class=\"short_description col span_2_of_4\">\n<h2><a href=\"https:\/\/www.fjallabak.is\/fr\/islande\/selfdrive-nord-ouest-2\/\">Campers et Camping cars<\/a><\/h2>\n<p>                                Pour une ind\u00e9pendance totale, avec un itin\u00e9raire modifiable et \u00e9volutif ou improvis\u00e9, sans r\u00e9servations d'h\u00e9bergement contraignantes Diff\u00e9rente cat\u00e9gorie de v\u00e9hicules habitables Pour le r\u00e9seau routier asphalt\u00e9 autour du pays Camping-car \/ Motorhome Pour le r\u00e9seau asphalt\u00e9 et les pistes de montagne les plus faciles Camping-car\u2026<br \/>\n                                <a href=\"https:\/\/www.fjallabak.is\/fr\/islande\/selfdrive-nord-ouest-2\/\" class=\"details bouton\">D\u00e9tails, date et r\u00e9servations<\/a>\n                            <\/div>\n<\/p><\/div>\n<\/p><\/div>\n<div id=\"travel-27261\">\n<div class=\"section group\">\n<div class=\"thumbnail col span_2_of_4\"><img loading=\"lazy\" decoding=\"async\" width=\"250\" height=\"250\" src=\"https:\/\/www.fjallabak.is\/wp-content\/uploads\/2024\/12\/0K8A2931-300x300.jpg\" class=\"attachment-250x250 size-250x250 wp-post-image\" alt=\"\" srcset=\"https:\/\/www.fjallabak.is\/wp-content\/uploads\/2024\/12\/0K8A2931-300x300.jpg 300w, https:\/\/www.fjallabak.is\/wp-content\/uploads\/2024\/12\/0K8A2931-150x150.jpg 150w, https:\/\/www.fjallabak.is\/wp-content\/uploads\/2024\/12\/0K8A2931-60x60.jpg 60w, https:\/\/www.fjallabak.is\/wp-content\/uploads\/2024\/12\/0K8A2931-375x375.jpg 375w, https:\/\/www.fjallabak.is\/wp-content\/uploads\/2024\/12\/0K8A2931-96x96.jpg 96w\" sizes=\"auto, (max-width: 250px) 100vw, 250px\" title=\"\"><\/div>\n<div class=\"short_description col span_2_of_4\">\n<h2><a href=\"https:\/\/www.fjallabak.is\/fr\/islande\/tour-complet-en-automne-2-2\/\">Auto-tour au Printemps<\/a><\/h2>\n<p>                                P\u00e9riode allant de fin avril \u00e0 mi-juin Jour permanent, installation et nidification des migrateurs, d\u00e9bordement de vie sur l\u2019oc\u00e9an, agnelage sur le vert tendre des prairies\u2026 Dans le jour sans fin, un d\u00e9bordement de vie envahit les rivages, les toundras et les prairies qui se\u2026<br \/>\n                                <a href=\"https:\/\/www.fjallabak.is\/fr\/islande\/tour-complet-en-automne-2-2\/\" class=\"details bouton\">D\u00e9tails, date et r\u00e9servations<\/a>\n                            <\/div>\n<\/p><\/div>\n<\/p><\/div>\n<div id=\"travel-32267\">\n<div class=\"section group\">\n<div class=\"thumbnail col span_2_of_4\"><img loading=\"lazy\" decoding=\"async\" width=\"250\" height=\"250\" src=\"https:\/\/www.fjallabak.is\/wp-content\/uploads\/2016\/10\/IMG_7359-300x300.jpg\" class=\"attachment-250x250 size-250x250 wp-post-image\" alt=\"\" srcset=\"https:\/\/www.fjallabak.is\/wp-content\/uploads\/2016\/10\/IMG_7359-300x300.jpg 300w, https:\/\/www.fjallabak.is\/wp-content\/uploads\/2016\/10\/IMG_7359-150x150.jpg 150w, https:\/\/www.fjallabak.is\/wp-content\/uploads\/2016\/10\/IMG_7359-60x60.jpg 60w\" sizes=\"auto, (max-width: 250px) 100vw, 250px\" title=\"\"><\/div>\n<div class=\"short_description col span_2_of_4\">\n<h2><a href=\"https:\/\/www.fjallabak.is\/fr\/islande\/tour-complet-en-automne-2-2-3\/\">Auto-Tour en \u00e9t\u00e9 avec h\u00e9bergements r\u00e9serv\u00e9s<\/a><\/h2>\n<p>                                Voiture de tourisme ou jeep 4x4 ? Seuls les jeeps 4wd et mini-bus tout-terrain peuvent s\u2019aventurer sur les pistes des hautes-terres d\u00e9sertiques de l\u2019int\u00e9rieur. Ces pistes sont indiqu\u00e9es F sur la signalisation routi\u00e8re et sur les cartes. Avant de s'y lancer, il faut bien v\u00e9rifier\u2026<br \/>\n                                <a href=\"https:\/\/www.fjallabak.is\/fr\/islande\/tour-complet-en-automne-2-2-3\/\" class=\"details bouton\">D\u00e9tails, date et r\u00e9servations<\/a>\n                            <\/div>\n<\/p><\/div>\n<\/p><\/div>\n<p>                <!-- end of the loop --><\/p>\n<p>                <!-- pagination here --><\/p><\/div>\n<\/div>\n\t\t<\/div><\/div><\/div>","protected":false},"excerpt":{"rendered":"<p>Extension individuelle aux \u00eeles Vestmannaeyjar Avant ou apr\u00e8s un trekking Fjallabak dans les Hautes-Terres du Sud, vous avez la possibilit\u00e9 d&rsquo;aller d\u00e9couvrir par vous m\u00eame le magnifique archipel des \u00eeles Vestmann PRE-TOUR : Avant de nous rejoindre pour le d\u00e9part&#8230;<br \/><a class=\"read-more-button\" href=\"https:\/\/www.fjallabak.is\/fr\/voyages-prives\/\">Savoir plus<\/a><\/p>\n","protected":false},"author":1,"featured_media":0,"parent":0,"menu_order":0,"comment_status":"closed","ping_status":"closed","template":"template-page-builder-full-width.php","meta":{"footnotes":""},"class_list":["post-4512","page","type-page","status-publish","hentry","odd"],"_links":{"self":[{"href":"https:\/\/www.fjallabak.is\/fr\/wp-json\/wp\/v2\/pages\/4512","targetHints":{"allow":["GET"]}}],"collection":[{"href":"https:\/\/www.fjallabak.is\/fr\/wp-json\/wp\/v2\/pages"}],"about":[{"href":"https:\/\/www.fjallabak.is\/fr\/wp-json\/wp\/v2\/types\/page"}],"author":[{"embeddable":true,"href":"https:\/\/www.fjallabak.is\/fr\/wp-json\/wp\/v2\/users\/1"}],"replies":[{"embeddable":true,"href":"https:\/\/www.fjallabak.is\/fr\/wp-json\/wp\/v2\/comments?post=4512"}],"version-history":[{"count":3,"href":"https:\/\/www.fjallabak.is\/fr\/wp-json\/wp\/v2\/pages\/4512\/revisions"}],"predecessor-version":[{"id":28222,"href":"https:\/\/www.fjallabak.is\/fr\/wp-json\/wp\/v2\/pages\/4512\/revisions\/28222"}],"wp:attachment":[{"href":"https:\/\/www.fjallabak.is\/fr\/wp-json\/wp\/v2\/media?parent=4512"}],"curies":[{"name":"wp","href":"https:\/\/api.w.org\/{rel}","templated":true}]}}