{"id":6946,"date":"2016-10-01T08:08:07","date_gmt":"2016-10-01T08:08:07","guid":{"rendered":"https:\/\/www.fjallabak.is\/fr\/?page_id=6946"},"modified":"2020-12-05T15:06:38","modified_gmt":"2020-12-05T15:06:38","slug":"decouvertes-en-hiver","status":"publish","type":"page","link":"https:\/\/www.fjallabak.is\/fr\/decouvertes-itinerantes\/decouvertes-en-hiver\/","title":{"rendered":"D\u00e9couvertes en hiver"},"content":{"rendered":"<p><strong>P\u00e9riode du 1er octobre au 30 avril<\/strong><\/p>\n<p>En fonction de la dur\u00e9e de vos vacances et de votre budget, nous nous proposons de <strong data-reader-unique-id=\"4\">vous aider \u00e0 construire avec vous un super voyage en voiture de tourisme ou en v\u00e9hicule 4\u00d74<\/strong>. \u00e0 choisir\u00a0l\u2019itin\u00e9raire id\u00e9al et vous fournir le v\u00e9hicule de votre choix, les meilleurs h\u00e9bergements autour et \u00e0 l\u2019int\u00e9rieur du pays, ainsi que nos conseils \u00e9clair\u00e9s.<\/p>\n<ul>\n<li>Choix entre diff\u00e9rentes cat\u00e9gorie de v\u00e9hicules de tourisme ou de jeeps 4\u00d74.<\/li>\n<li>Choix entre plusieurs cat\u00e9gories d\u2019h\u00e9bergements allant du plus rustique au plus confortables (Nous recommandons de mixer ces diff\u00e9rentes cat\u00e9gories afin de r\u00e9aliser l\u2019itin\u00e9raire id\u00e9al)<\/li>\n<\/ul>\n<p>Pour \u00e9tablir un programme sur mesure et un devis d\u00e9taill\u00e9, il faudra d\u2019abord que nous parlions ensemble de votre itin\u00e9raire, de vos souhaits et de ce qui est r\u00e9alisable.<\/p>\n<p>Avant que nous vous \u00e9tablissions une cotation, en fonction de la dur\u00e9e de vos vacances, de votre nombre et de votre budget, vous pouvez d\u00e9j\u00e0 commencer par consulter les forfaits indicatifs suivants :<\/p>\n<ul>\n<li><a href=\"https:\/\/fjallabak.is\/wp-content\/uploads\/2020\/12\/Winter-4wd-2-6-days.pdf\" rel=\"nofollow noopener\" target=\"_blank\"><strong>Hiver \/ v\u00e9hicule 4\u00d74 \/ 2-6 jours\u00a0<\/strong><\/a><\/li>\n<li><a href=\"https:\/\/fjallabak.is\/wp-content\/uploads\/2020\/12\/Winter-4wd-7-13-days.pdf\" rel=\"nofollow noopener\" target=\"_blank\"><strong>Hiver \/ v\u00e9hicule 4\u00d74 \/ 7-13 jours<\/strong><\/a><\/li>\n<li><a href=\"https:\/\/fjallabak.is\/wp-content\/uploads\/2020\/12\/Winter-4wd-14-20-days.pdf\" rel=\"nofollow noopener\" target=\"_blank\"><strong>Hiver \/ v\u00e9hicule 4\u00d74 \/ 14-20 jours<\/strong><\/a><\/li>\n<\/ul>\n<p><strong>Important :<\/strong> Nous n&rsquo;avons ni l&rsquo;inconscience ni la d\u00e9sinvolture de vous proposer en hiver un auto-tour en voiture de tourisme 2 roues motrices. Nous ne proposons que des v\u00e9hicules 4 roues motrices (4wd) sur nos forfaits auto-tours en cette saison.<\/p>\n<h3 class=\"widget-title\">Glace bleue, rose et grise, blizzard ou calme blanc, l\u00e9gendes, chevaux en peluche et hardes de rennes<\/h3>\n<p>Majestueuse au c\u0153ur de l&rsquo;hiver et au d\u00e9but du printemps, l\u2019Islande, rarement fr\u00e9quent\u00e9e en cette saison, garde toute son aura de myst\u00e8re. Au bout de la nuit, quand la lumi\u00e8re remonte avec des promesses de renaissance, nous aimons aller nous balader autour du pays pour v\u00e9rifier que l\u2019\u00e9t\u00e9 reviendra bien. L\u2019immense petit pays pour nous seuls, une m\u00e9t\u00e9o incertaine, de l\u2019eau chaude, des volcans enneig\u00e9s, d&rsquo;incroyables\u00a0aurores bor\u00e9ales, des chevaux en \u201cpeluche\u201d, des rennes qui traversent notre route comme \u00e0 Lascaux, un 4&#215;4 t\u00eatu, des g\u00eetes confortables, des recettes de cuisine, des histoires, des l\u00e9gendes&#8230;<\/p>\n<p>Ces belles d\u00e9couvertes de l\u2019Islande hors saison touristique repr\u00e9sente une aventure hors du temps aux quatre points cardinaux de la grande \u00eele. Un voyage vers l\u2019horizon toujours renouvel\u00e9. \u00c0 travers des paysages d&rsquo;hiver qui se succ\u00e8dent et occupent tout l\u2019espace, pour se d\u00e9filer aussit\u00f4t de mani\u00e8re spectaculaire, se d\u00e9roule l\u2019unique ruban de mille cinq cents kilom\u00e8tres de la route circulaire n\u00b01 que nous empruntons en partie car nous nous aventurons aussi sur le contour de quelques grands caps solitaires.<\/p>\n<p>Nous vous proposons ici plusieurs itin\u00e9raires de 6 \u00e0 12 jours. Ils empruntent la route circulaire Nr.1, mais aussi de petites routes qui contournent quelques p\u00e9ninsules majestueuses.<\/p>\n<p>&nbsp;<\/p>\n<p><strong>FAITS sur l&rsquo;\u00e9volution du TOURISME en ISLANDE<\/strong><\/p>\n<p>L&rsquo;Islande est devenue victime de son propre succ\u00e8s, surtout en \u00e9t\u00e9. Dans les basses terres habit\u00e9es de sa p\u00e9riph\u00e9rie, certains lieux remarquables sont devenus de v\u00e9ritables attractions pour le tourisme de masse mal control\u00e9 (ou trop bien control\u00e9) qui s&rsquo;y d\u00e9veloppe depuis quelques ann\u00e9es. Le c\u00e9l\u00e8bre Golden Circle (Thingvellir, Geyser, Gullfoss), le Cercle d&rsquo;Or, porte bien son nom.<br \/>\nPour \u00e9chapper \u00e0 la foule et aux grands bus XL en \u00e9t\u00e9 sur la C\u00f4te Sud ou m\u00eame au Lac Myvatn (proche de Akureyri) et m\u00eame \u00e0 d&rsquo;autres p\u00e9riodes, il faut conduire assez loin de la ces villes pour commencer \u00e0 sentir et trouver cet espace vierge et cette libert\u00e9 que l&rsquo;on est venu rechercher ici, dans ce fabuleux pays. Heureusement le pays est immense et cela le prot\u00e8ge encore. Les Hautes Terres de l&rsquo;int\u00e9rieur repr\u00e9sente 90% de la surface du pays et sont totalement vides d&rsquo;habitant. Elles ne sont pas \u00e0 la port\u00e9e de tout le monde. C&rsquo;est l\u00e0 que nous sommes n\u00e9s et c&rsquo;est surtout l\u00e0 que nous op\u00e9rons nos trekking en \u00e9t\u00e9. La route circulaire, \u00e0 exception pr\u00eat, nous n&rsquo;y allons plus qu&rsquo;en dehors de la haute saison estivale.<\/p>\n<p>Suite \u00e0 la grave crise \u00e9conomique et bancaire qui a frapp\u00e9 le pays il y a bient\u00f4t 10 ans, les Islandais, avec l&rsquo;instinct de survie et l&rsquo;optimisme qui les caract\u00e9risent, ont commenc\u00e9 \u00e0 tirer pleinement parti du tourisme. Des services et infrastructures inexistantes autrefois se sont (trop ?) vite d\u00e9velopp\u00e9s autour du pays, pour le meilleur mais aussi, h\u00e9las, pour le pire.<br \/>\nNe vous laissez pas berner par la publicit\u00e9 en ligne, ses belles images et ses slogans simplistes et pas toujours vraiment honn\u00eates. R\u00e9fl\u00e9chissez \u00e0 deux fois avant de r\u00e9server un voyage.<\/p>\n","protected":false},"excerpt":{"rendered":"<p>P\u00e9riode du 1er octobre au 30 avril En fonction de la dur\u00e9e de vos vacances et de votre budget, nous nous proposons de vous aider \u00e0 construire avec vous un super voyage en voiture de tourisme ou en v\u00e9hicule 4\u00d74&#8230;.<br \/><a class=\"read-more-button\" href=\"https:\/\/www.fjallabak.is\/fr\/decouvertes-itinerantes\/decouvertes-en-hiver\/\">Savoir plus<\/a><\/p>\n","protected":false},"author":1,"featured_media":0,"parent":7936,"menu_order":1,"comment_status":"closed","ping_status":"closed","template":"","meta":{"footnotes":""},"class_list":["post-6946","page","type-page","status-publish","hentry","odd"],"_links":{"self":[{"href":"https:\/\/www.fjallabak.is\/fr\/wp-json\/wp\/v2\/pages\/6946","targetHints":{"allow":["GET"]}}],"collection":[{"href":"https:\/\/www.fjallabak.is\/fr\/wp-json\/wp\/v2\/pages"}],"about":[{"href":"https:\/\/www.fjallabak.is\/fr\/wp-json\/wp\/v2\/types\/page"}],"author":[{"embeddable":true,"href":"https:\/\/www.fjallabak.is\/fr\/wp-json\/wp\/v2\/users\/1"}],"replies":[{"embeddable":true,"href":"https:\/\/www.fjallabak.is\/fr\/wp-json\/wp\/v2\/comments?post=6946"}],"version-history":[{"count":3,"href":"https:\/\/www.fjallabak.is\/fr\/wp-json\/wp\/v2\/pages\/6946\/revisions"}],"predecessor-version":[{"id":30827,"href":"https:\/\/www.fjallabak.is\/fr\/wp-json\/wp\/v2\/pages\/6946\/revisions\/30827"}],"up":[{"embeddable":true,"href":"https:\/\/www.fjallabak.is\/fr\/wp-json\/wp\/v2\/pages\/7936"}],"wp:attachment":[{"href":"https:\/\/www.fjallabak.is\/fr\/wp-json\/wp\/v2\/media?parent=6946"}],"curies":[{"name":"wp","href":"https:\/\/api.w.org\/{rel}","templated":true}]}}