{"id":6959,"date":"2016-10-02T20:23:30","date_gmt":"2016-10-02T20:23:30","guid":{"rendered":"https:\/\/www.fjallabak.is\/fr\/?page_id=6959"},"modified":"2024-12-16T18:00:46","modified_gmt":"2024-12-16T18:00:46","slug":"4x4-et-randonnee","status":"publish","type":"page","link":"https:\/\/www.fjallabak.is\/fr\/decouvertes-itinerantes\/4x4-et-randonnee\/","title":{"rendered":"D\u00e9couvertes en 4&#215;4 des Hautes-Terres"},"content":{"rendered":"<h5>S&rsquo;aventurer en Terre Inconnue avec un guide qui est en terrain connu<\/h5>\n<h4>D\u00e9couvertes en v\u00e9hicule 4&#215;4 et \u00e0 pieds dans les Hautes Terres du Sud<\/h4>\n<p><span style=\"text-decoration: underline;\">L\u2019Islande est bien le seul endroit au monde o\u00f9 l\u2019on marche \u00ab au fond \u00bb d&rsquo;un Oc\u00e9an\u00a0<\/span><\/p>\n<p>Alors que le tourisme de masse a h\u00e9las envahi la magnifique C\u00f4te Sud, rares sont les tours qui s&rsquo;aventurent dans les Hautes Terres d&rsquo;Islande (90% de la surface de ce pays) qui restent en grande partie impraticables \u00e0 la plupart des touristes.<\/p>\n<p>IMPORTANT : Nous n&rsquo;op\u00e9rons pas ce voyage avant mi-juillet car certaines pistes de l&rsquo;int\u00e9rieur peuvent rester interdites jusqu&rsquo;en juillet car impraticables ou fragiles. Les v\u00e9hicules 4&#215;4 auraient vite fait de les endommager gravement. L&rsquo;autorisation de les emprunter d\u00e9pend des quantit\u00e9s de neige tomb\u00e9es pendant l&rsquo;hiver et au printemps, de la temp\u00e9rature du printemps. Dans la premi\u00e8re quinzaine d&rsquo;ao\u00fbt nous sommes au pic de la saison et nous n&rsquo;avons pas la capacit\u00e9 ni l&rsquo;envie d&rsquo;op\u00e9rer trop de d\u00e9parts. Sauf un d\u00e9part dans la deuxi\u00e8me quinzaine de juillet, c&rsquo;est donc de mi-ao\u00fbt \u00e0 fin septembre que nous proposons ce voyage. Une p\u00e9riode plus rude climatiquement, mais tellement belle et forte, avec des lumi\u00e8res rasante de toute beaut\u00e9 sur des paysages o\u00f9 \u00e9clatent les feux de l&rsquo;automne.<\/p>\n<p style=\"text-align: justify;\">Fa\u00e7onn\u00e9es par l\u2019antagonisme du feu et de la glace, la C\u00f4te Sud et les Hautes Terres qui la dominent offrent des paysages \u00e0 nul autre pareils. La Nature, ici en plein d\u00e9lire, associe harmonieusement des paysages pourtant contradictoires et inachev\u00e9s avec un art consomm\u00e9 du paradoxe. Prairies verdoyantes, champs de lave, glaciers immacul\u00e9s, plages de sable noir, lagunes d\u2019icebergs bleus, forteresses de basalte, cascades d\u2019eau cristalline, puissants fleuves limoneux, volcans faisant semblant de dormir, tourbi\u00e8res inond\u00e9es, fumerolles et arc-en-ciel de fin de d\u00e9luge se succ\u00e8dent et se renouvellent sans fin. Tandis que l&rsquo;oc\u00e9an, devant tant de merveilles, n\u2019est pas en reste et \u00e9tale avec exag\u00e9ration sa puissance et son immensit\u00e9, lan\u00e7ant ses rouleaux et ses millions d\u2019oiseaux p\u00e9lagiques \u00e0 l\u2019assaut de cette terre qui \u00e9tait suppos\u00e9e rester au fond de l\u2019ab\u00eeme.<\/p>\n<p style=\"text-align: justify;\">Ce voyage d\u2019exploration repr\u00e9sente une travers\u00e9e zigzagante \u00a0\u00ab presque \u00bb int\u00e9grale de la ride volcanique active. Il se d\u00e9roule au c\u0153ur des plus \u00e9tranges et des plus sauvages paysages des hautes terres volcaniques de l\u2019\u00d6raefi Sud, traversant la ride m\u00e9dio-atlantique qui \u00e9merge ici en Islande, entre le volcan Mt Hekla \u00e0 l\u2019Ouest et la bordure occidentale de la calotte du Vatnaj\u00f6kull \u00e0 l\u2019Est, traversant de part en part la caldera du Torfaj\u00f6kull \/ Hrafntinnusker, longeant la bordure Nord du Myrdalsj\u00f6kull jusqu\u2019\u00e0 Eldgj\u00e1 puis remontant le long des eaux de jade du myst\u00e9rieux lac de Langisj\u00f3r. Sur la c\u00f4te Sud, nous logeons dans la campagne en retrait des centres touristiques. De tous les voyages, seul l&rsquo;excursion \u00e0 la Lagune glaciaire et celle aux plages et falaises de Vik feront de nous des touristes partis d&rsquo;autres pendant quelques heures seulement.<\/p>\n","protected":false},"excerpt":{"rendered":"<p>S&rsquo;aventurer en Terre Inconnue avec un guide qui est en terrain connu D\u00e9couvertes en v\u00e9hicule 4&#215;4 et \u00e0 pieds dans les Hautes Terres du Sud L\u2019Islande est bien le seul endroit au monde o\u00f9 l\u2019on marche \u00ab au fond \u00bb&#8230;<br \/><a class=\"read-more-button\" href=\"https:\/\/www.fjallabak.is\/fr\/decouvertes-itinerantes\/4x4-et-randonnee\/\">Savoir plus<\/a><\/p>\n","protected":false},"author":1,"featured_media":0,"parent":7936,"menu_order":3,"comment_status":"closed","ping_status":"closed","template":"","meta":{"footnotes":""},"class_list":["post-6959","page","type-page","status-publish","hentry","odd"],"_links":{"self":[{"href":"https:\/\/www.fjallabak.is\/fr\/wp-json\/wp\/v2\/pages\/6959","targetHints":{"allow":["GET"]}}],"collection":[{"href":"https:\/\/www.fjallabak.is\/fr\/wp-json\/wp\/v2\/pages"}],"about":[{"href":"https:\/\/www.fjallabak.is\/fr\/wp-json\/wp\/v2\/types\/page"}],"author":[{"embeddable":true,"href":"https:\/\/www.fjallabak.is\/fr\/wp-json\/wp\/v2\/users\/1"}],"replies":[{"embeddable":true,"href":"https:\/\/www.fjallabak.is\/fr\/wp-json\/wp\/v2\/comments?post=6959"}],"version-history":[{"count":8,"href":"https:\/\/www.fjallabak.is\/fr\/wp-json\/wp\/v2\/pages\/6959\/revisions"}],"predecessor-version":[{"id":48466,"href":"https:\/\/www.fjallabak.is\/fr\/wp-json\/wp\/v2\/pages\/6959\/revisions\/48466"}],"up":[{"embeddable":true,"href":"https:\/\/www.fjallabak.is\/fr\/wp-json\/wp\/v2\/pages\/7936"}],"wp:attachment":[{"href":"https:\/\/www.fjallabak.is\/fr\/wp-json\/wp\/v2\/media?parent=6959"}],"curies":[{"name":"wp","href":"https:\/\/api.w.org\/{rel}","templated":true}]}}