{"id":7970,"date":"2016-11-04T10:44:09","date_gmt":"2016-11-04T10:44:09","guid":{"rendered":"https:\/\/www.fjallabak.is\/fr\/?page_id=7970"},"modified":"2022-02-19T17:20:54","modified_gmt":"2022-02-19T17:20:54","slug":"trekking-de-10-a-15-jours","status":"publish","type":"page","link":"https:\/\/www.fjallabak.is\/fr\/trekking-fr-2\/trekking-de-10-a-15-jours\/","title":{"rendered":"Trekking de 10 \u00e0 15 jours"},"content":{"rendered":"<h5>L&rsquo;Islande sauvage avec un guide local exp\u00e9riment\u00e9<\/h5>\n<p>La nature islandaise vous laissera indubitablement sans voix \u00e0 chaque recoin. Qualifi\u00e9e comme une autre plan\u00e8te sur la n\u00f4tre, traverser les paysages volcaniques donnent le sentiment de marcher au plus profond de l&rsquo;Oc\u00e9an.<\/p>\n<p>Les \u00e9tendues <strong>verdoyantes<\/strong> recouvertes de mousses vous ram\u00e8neront aux mondes enchant\u00e9s dans lesquels vous viviez dans <strong>l&rsquo;enfance<\/strong>. Nos treks, inspir\u00e9s par la l\u00e9gende locale Fjalla Eyvindur, le <strong>Voyageur<\/strong>, vous r\u00e9v\u00e8leront les secrets du pays.<\/p>\n<hr \/>\n<p>&nbsp;<\/p>\n<p>De refuge en refuge, et parfois en bivouac en pleine nature pour les plus aventureux. Le trekking accompagn\u00e9 <strong>all\u00e8ge vos \u00e9paules et votre esprit<\/strong>. Vous porterez ainsi sur vous uniquement un petit sac \u00e0 dos avec l&rsquo;essentiel pour la journ\u00e9e, pour profiter pleinement du voyage.<\/p>\n<p>Guid\u00e9 en Fran\u00e7ais ou en Anglais par un <strong>guide local<\/strong> exp\u00e9riment\u00e9 offrant supervision compl\u00e8te, repas et transport de vos bagages.<\/p>\n<p>Votre marche traversera une formidable vari\u00e9t\u00e9 de reliefs et de paysages : champs de <strong>lave<\/strong>, toundra et mar\u00e9cages, <strong>falaises<\/strong>, cascades, fumeroles, <strong>glacier<\/strong>, for\u00eat arctique et charmants lacs envelopp\u00e9s de brume \u00e9paisse et de myst\u00e8res.<\/p>\n<hr \/>\n<p>&nbsp;<\/p>\n<p>Fjallabak est une <strong>entreprise familiale<\/strong> Islando-Fran\u00e7aise, nous mettons un point d&rsquo;honneur \u00e0 respecter nos terres et nos coutumes.<\/p>\n<p>Nous voulons vous faire passez des moments inoubliables et vous transmettre l&rsquo;amour de notre cher pays. C&rsquo;est donc la raison pour laquelle nous ne suivons pas les sentiers balis\u00e9s aux grosses infrastructures, et \u00e9vitons les chemins surpeupl\u00e9s.<\/p>\n<p><em><a href=\"https:\/\/www.fjallabak.is\/trekking-2\/\">Cliquez ici pour la liste compl\u00e8te des treks.<\/a><\/em><\/p>\n<p>&nbsp;<\/p>\n<p>&nbsp;<\/p>\n<h5><strong>R\u00e9duction Early Bird<\/strong> : 10% de r\u00e9duction sur nos treks pour inscription anticip\u00e9e.<\/h5>\n<p><span class=\"JLqJ4b\" data-language-for-alternatives=\"fr\" data-language-to-translate-into=\"en\" data-phrase-index=\"1\"><span class=\"JLqJ4b ChMk0b\" data-language-for-alternatives=\"fr\" data-language-to-translate-into=\"en\" data-phrase-index=\"2\">Cette r\u00e9duction s&rsquo;applique uniquement aux participants s&rsquo;inscrivant directement aupr\u00e8s de nous en ligne sur ce site. Il sera soustrait du solde final, \u00e0 condition que le groupe ait atteint le minimum de 6 participants.<\/span><\/span><\/p>\n","protected":false},"excerpt":{"rendered":"<p>L&rsquo;Islande sauvage avec un guide local exp\u00e9riment\u00e9 La nature islandaise vous laissera indubitablement sans voix \u00e0 chaque recoin. Qualifi\u00e9e comme une autre plan\u00e8te sur la n\u00f4tre, traverser les paysages volcaniques donnent le sentiment de marcher au plus profond de l&rsquo;Oc\u00e9an&#8230;.<br \/><a class=\"read-more-button\" href=\"https:\/\/www.fjallabak.is\/fr\/trekking-fr-2\/trekking-de-10-a-15-jours\/\">Savoir plus<\/a><\/p>\n","protected":false},"author":1,"featured_media":0,"parent":6982,"menu_order":0,"comment_status":"closed","ping_status":"closed","template":"","meta":{"footnotes":""},"class_list":["post-7970","page","type-page","status-publish","hentry","odd"],"_links":{"self":[{"href":"https:\/\/www.fjallabak.is\/fr\/wp-json\/wp\/v2\/pages\/7970","targetHints":{"allow":["GET"]}}],"collection":[{"href":"https:\/\/www.fjallabak.is\/fr\/wp-json\/wp\/v2\/pages"}],"about":[{"href":"https:\/\/www.fjallabak.is\/fr\/wp-json\/wp\/v2\/types\/page"}],"author":[{"embeddable":true,"href":"https:\/\/www.fjallabak.is\/fr\/wp-json\/wp\/v2\/users\/1"}],"replies":[{"embeddable":true,"href":"https:\/\/www.fjallabak.is\/fr\/wp-json\/wp\/v2\/comments?post=7970"}],"version-history":[{"count":3,"href":"https:\/\/www.fjallabak.is\/fr\/wp-json\/wp\/v2\/pages\/7970\/revisions"}],"predecessor-version":[{"id":35669,"href":"https:\/\/www.fjallabak.is\/fr\/wp-json\/wp\/v2\/pages\/7970\/revisions\/35669"}],"up":[{"embeddable":true,"href":"https:\/\/www.fjallabak.is\/fr\/wp-json\/wp\/v2\/pages\/6982"}],"wp:attachment":[{"href":"https:\/\/www.fjallabak.is\/fr\/wp-json\/wp\/v2\/media?parent=7970"}],"curies":[{"name":"wp","href":"https:\/\/api.w.org\/{rel}","templated":true}]}}