{"id":8947,"date":"2017-01-06T15:29:48","date_gmt":"2017-01-06T15:29:48","guid":{"rendered":"https:\/\/www.fjallabak.is\/?page_id=8947\/"},"modified":"2017-01-06T15:30:43","modified_gmt":"2017-01-06T15:30:43","slug":"section-partenaires","status":"publish","type":"page","link":"https:\/\/www.fjallabak.is\/fr\/section-partenaires\/","title":{"rendered":"Section partenaires"},"content":{"rendered":"<p>Tous nos voyages :<br \/>\n<a href=\"https:\/\/www.fjallabak.is\/departure-by-name\/\">D\u00e9parts class\u00e9s par ordre alphab\u00e9tique<br \/>\n<\/a><\/p>\n<p>&nbsp;<\/p>\n<p><a href=\"https:\/\/www.fjallabak.is\/departures-by-date\/\">D\u00e9parts class\u00e9s par ordre chronologique<\/a><\/p>\n","protected":false},"excerpt":{"rendered":"<p>Tous nos voyages : D\u00e9parts class\u00e9s par ordre alphab\u00e9tique &nbsp; D\u00e9parts class\u00e9s par ordre chronologique<\/p>\n","protected":false},"author":1,"featured_media":0,"parent":0,"menu_order":0,"comment_status":"closed","ping_status":"closed","template":"template-full-width-without-sharing.php","meta":{"footnotes":""},"class_list":["post-8947","page","type-page","status-publish","hentry","odd"],"_links":{"self":[{"href":"https:\/\/www.fjallabak.is\/fr\/wp-json\/wp\/v2\/pages\/8947","targetHints":{"allow":["GET"]}}],"collection":[{"href":"https:\/\/www.fjallabak.is\/fr\/wp-json\/wp\/v2\/pages"}],"about":[{"href":"https:\/\/www.fjallabak.is\/fr\/wp-json\/wp\/v2\/types\/page"}],"author":[{"embeddable":true,"href":"https:\/\/www.fjallabak.is\/fr\/wp-json\/wp\/v2\/users\/1"}],"replies":[{"embeddable":true,"href":"https:\/\/www.fjallabak.is\/fr\/wp-json\/wp\/v2\/comments?post=8947"}],"version-history":[{"count":3,"href":"https:\/\/www.fjallabak.is\/fr\/wp-json\/wp\/v2\/pages\/8947\/revisions"}],"predecessor-version":[{"id":8951,"href":"https:\/\/www.fjallabak.is\/fr\/wp-json\/wp\/v2\/pages\/8947\/revisions\/8951"}],"wp:attachment":[{"href":"https:\/\/www.fjallabak.is\/fr\/wp-json\/wp\/v2\/media?parent=8947"}],"curies":[{"name":"wp","href":"https:\/\/api.w.org\/{rel}","templated":true}]}}