{"id":9627,"date":"2017-03-22T17:21:46","date_gmt":"2017-03-22T17:21:46","guid":{"rendered":"https:\/\/www.fjallabak.is\/?page_id=9627\/"},"modified":"2025-01-05T12:59:33","modified_gmt":"2025-01-05T12:59:33","slug":"voyages-toutes-saisons","status":"publish","type":"page","link":"https:\/\/www.fjallabak.is\/fr\/decouvertes-itinerantes\/voyages-toutes-saisons\/","title":{"rendered":"Voyages toutes saisons"},"content":{"rendered":"<h4>Tours guid\u00e9s &#8211; Petits groupes<\/h4>\n<p>L&rsquo;Islande, victime de son succ\u00e8s et du gros business touristique, nous a fait renoncer \u00e0 organiser des voyages guid\u00e9s sur le goudron autour du pays beaucoup trop fr\u00e9quent\u00e9 en p\u00e9riode estivale. A part quelques voyages sp\u00e9ciaux qui ne peuvent \u00e9viter d&rsquo;y passer, nous \u00e9vitons la route circulaire n\u00b01 en \u00e9t\u00e9.<\/p>\n<p>Bien s\u00fbr, nous comprenons que faire le tour d&rsquo;une \u00eele semble un projet \u00e9vident. Si vous voyagez de mani\u00e8re individuelle et que c&rsquo;est en \u00e9t\u00e9 que vous pouvez d\u00e9couvrir l&rsquo;Islande, nous pourrons vous assister pour r\u00e9aliser un <span style=\"text-decoration: underline;\">itin\u00e9raire \u00e0 la carte<\/span> en voiture de location avec logements en route<\/p>\n<p>Notre activit\u00e9 principale reste depuis toujours les randonn\u00e9es dans les Hautes-Terres de l&rsquo;int\u00e9rieur ou sur des p\u00e9ninsules lointaines. Par contre, en saison basse ou interm\u00e9diaire quand la fr\u00e9quentation touristique s&rsquo;est calm\u00e9e, nous reprenons la route sur le tour de l&rsquo;Islande<\/p>\n<p><strong>Hors saison touristique,<\/strong> nous vous proposons plusieurs d\u00e9couvertes de l\u2019Islande, , guid\u00e9e par un sp\u00e9cialiste de sa nature, de son histoire et de ses l\u00e9gendes. Un voyage hors du temps aux quatre points cardinaux et aux quatre saisons de l\u2019Islande. Un voyage vers l\u2019horizon toujours renouvel\u00e9. \u00c0 travers des paysages qui se succ\u00e8dent et occupent tout l\u2019espace, pour se d\u00e9filer aussit\u00f4t de mani\u00e8re spectaculaire, se d\u00e9roule l\u2019unique ruban de mille cinq cents kilom\u00e8tres de la route circulaire n\u00b01. Elle semble d\u2019ailleurs nous appartenir, tellement la circulation y est rare, hormis pendant la p\u00e9riode estivale. Nous proposons ici plusieurs itin\u00e9raires \u00a0empruntant en grande partie la route circulaire n\u00b01, mais faisant aussi des d\u00e9tours \u00a0qui contournent quelques grands cap remarquables. Suivant la saison, la dur\u00e9e du jour, la m\u00e9t\u00e9o du jour, des randonn\u00e9es sont propos\u00e9es par votre guide pour aller visiter \u00e0 pieds des lieux remarquables.<\/p>\n<p><strong>Trois saisons magnifiques et \u00e9volutives o\u00f9 la Nature exprime sa force et son caract\u00e8re \u00e0 travers des th\u00e8mes tr\u00e8s diff\u00e9rents<\/strong><br \/>\n<strong> Une inspiration sans fin pour les photographes, un paradis pour les ornithologues, un bonheur pour les contemplatifs<\/strong><\/p>\n<p><strong>L&rsquo;HIVER : Glace bleue, rose et grise, neige immacul\u00e9e, blizzard ou calme blanc, l\u00e9gendes, chevaux en peluche et hardes de rennes&#8230;\u00a0<\/strong>Majestueuse au c\u0153ur de l\u2019hiver et au d\u00e9but du printemps, l\u2019Islande, beaucoup moins\u00a0fr\u00e9quent\u00e9e en cette saison, garde toute son aura de myst\u00e8re. Au bout de la nuit, quand la lumi\u00e8re remonte avec des promesses de renaissance, nous aimons aller nous balader autour du pays pour v\u00e9rifier que l\u2019\u00e9t\u00e9 reviendra bien. L\u2019immense petit pays pour nous seuls, une m\u00e9t\u00e9o incertaine, de l\u2019eau chaude, des volcans enneig\u00e9s, d\u2019incroyables aurores bor\u00e9ales, des chevaux en \u201cpeluche\u201d, des rennes qui traversent notre route comme \u00e0 Lascaux, un 4\u00d74 t\u00eatu, des g\u00eetes confortables, des recettes de cuisine, des histoires, des l\u00e9gendes\u2026<\/p>\n<p><strong>LE PRINTEMPS : Jour permanent, installation et nidification des migrateurs, d\u00e9bordement de vie sur l&rsquo;oc\u00e9an, agnelage sur le vert tendre des prairies&#8230;\u00a0<\/strong>Dans le jour sans fin qui s\u2019installe, un d\u00e9bordement de vie envahit les rivages, les toundras et les prairies qui se parent de vert tendre alors que les montagnes restent encore enneig\u00e9s. D\u2019Am\u00e9rique, d\u2019Europe et d\u2019Afrique, de grands vols convergent vers l\u2019Islande : cygnes, bernaches, arlequins, traquets, b\u00e9cassines, tous pr\u00eats pour recommencer avec enthousiasme la r\u00e9p\u00e9tition g\u00e9n\u00e9rale de la vie. Les parades nuptiales vont bon train et les oiseaux, peu farouches, ne montrent pas encore la m\u00e9fiance raisonnable qu\u2019ils auront pendant la couvaison. L\u2019oc\u00e9an, qui respire comme un poumon et brasse la vie, reprend une odeur forte et subtile de libert\u00e9 et de grand large.<\/p>\n<p><strong>L\u2019AUTOMNE :<\/strong>\u00a0<strong>Toundra multicolore, sommets grisonnants, aurores bor\u00e9ales, vols d\u2019oies sauvages et bains chauds&#8230;<\/strong> Avec septembre, les premi\u00e8res aurores bor\u00e9ales \u00e9clairent le firmament \u00e9toil\u00e9 des premi\u00e8res nuits. Les sommets se saupoudrent de sucre glace et chassent les moutons vers les vall\u00e9es o\u00f9 les hommes \u00e0 cheval les rassemblent. Les premiers givres nocturnes installent de fins miroirs de glace matinale. La lumi\u00e8re est rasante et les \u00ab feux \u00bb de l\u2019automne embrasent la v\u00e9g\u00e9tation arctique sur la toundra multicolore. Les grives mauvis se gavent de baies rouges. De grands vols d\u2019oies se rassemblent pour une r\u00e9p\u00e9tition g\u00e9n\u00e9rale avant le grand d\u00e9part vers le sud. Avant que le monde ne s\u2019enfonce dans les temp\u00eates et la nuit de l\u2019hiver bor\u00e9al, la beaut\u00e9 \u00e9ph\u00e9m\u00e8re et l\u2019harmonie de cette saison s\u2019inscrit fortement dans le cycle naturel du monde<\/p>\n<p>&nbsp;<\/p>\n","protected":false},"excerpt":{"rendered":"<p>Tours guid\u00e9s &#8211; Petits groupes L&rsquo;Islande, victime de son succ\u00e8s et du gros business touristique, nous a fait renoncer \u00e0 organiser des voyages guid\u00e9s sur le goudron autour du pays beaucoup trop fr\u00e9quent\u00e9 en p\u00e9riode estivale. A part quelques voyages&#8230;<br \/><a class=\"read-more-button\" href=\"https:\/\/www.fjallabak.is\/fr\/decouvertes-itinerantes\/voyages-toutes-saisons\/\">Savoir plus<\/a><\/p>\n","protected":false},"author":1,"featured_media":0,"parent":7936,"menu_order":0,"comment_status":"closed","ping_status":"closed","template":"","meta":{"footnotes":""},"class_list":["post-9627","page","type-page","status-publish","hentry","odd"],"_links":{"self":[{"href":"https:\/\/www.fjallabak.is\/fr\/wp-json\/wp\/v2\/pages\/9627","targetHints":{"allow":["GET"]}}],"collection":[{"href":"https:\/\/www.fjallabak.is\/fr\/wp-json\/wp\/v2\/pages"}],"about":[{"href":"https:\/\/www.fjallabak.is\/fr\/wp-json\/wp\/v2\/types\/page"}],"author":[{"embeddable":true,"href":"https:\/\/www.fjallabak.is\/fr\/wp-json\/wp\/v2\/users\/1"}],"replies":[{"embeddable":true,"href":"https:\/\/www.fjallabak.is\/fr\/wp-json\/wp\/v2\/comments?post=9627"}],"version-history":[{"count":14,"href":"https:\/\/www.fjallabak.is\/fr\/wp-json\/wp\/v2\/pages\/9627\/revisions"}],"predecessor-version":[{"id":49430,"href":"https:\/\/www.fjallabak.is\/fr\/wp-json\/wp\/v2\/pages\/9627\/revisions\/49430"}],"up":[{"embeddable":true,"href":"https:\/\/www.fjallabak.is\/fr\/wp-json\/wp\/v2\/pages\/7936"}],"wp:attachment":[{"href":"https:\/\/www.fjallabak.is\/fr\/wp-json\/wp\/v2\/media?parent=9627"}],"curies":[{"name":"wp","href":"https:\/\/api.w.org\/{rel}","templated":true}]}}